{"id":109,"date":"2013-09-25T07:54:37","date_gmt":"2013-09-25T05:54:37","guid":{"rendered":"http:\/\/epse.umh.es\/?page_id=109"},"modified":"2024-07-15T14:36:58","modified_gmt":"2024-07-15T12:36:58","slug":"master","status":"publish","type":"page","link":"https:\/\/epse.umh.es\/ca\/estudios\/master\/","title":{"rendered":"M\u00e0ster"},"content":{"rendered":"<p>L&#8217;Escola Polit\u00e8cnica Superior d&#8217;Elx t\u00e9 la seg\u00fcent oferta de M\u00e0sters Oficials:<\/p>\n<ul>\n<li><strong>M\u00c0STER D&#8217;ENGINYER\u00cdA DE TELECOMUNICACI\u00d3<\/strong>\n<ul>\n<li>Enlla\u00e7os d&#8217;inter\u00e9s:\u00a0<a href=\"http:\/\/masterteleco.edu.umh.es\/\" target=\"_blank\" rel=\"noopener noreferrer\">Blog M\u00e1ster<\/a>\u00a0&#8211;\u00a0<a href=\"http:\/\/umh.es\/contenido\/Estudios\/:tit_m_184\/datos_val.html\" target=\"_blank\" rel=\"noopener noreferrer\">www.umh.es<\/a><\/li>\n<\/ul>\n<\/li>\n<\/ul>\n<ul>\n<li><strong><strong>M\u00c0STER D&#8217;ENGINYER\u00cdA<\/strong>\u00a0INDUSTRIAL<\/strong>\n<ul>\n<li>Enlla\u00e7os d&#8217;inter\u00e9s:\u00a0<a href=\"http:\/\/masterindustriales.edu.umh.es\/\" target=\"_blank\" rel=\"noopener noreferrer\">Blog M\u00e1ster<\/a>\u00a0&#8211;\u00a0<a href=\"http:\/\/umh.es\/contenido\/Estudios\/:tit_m_185\/datos_val.html\" target=\"_blank\" rel=\"noopener noreferrer\">www.umh.es<\/a><strong><br \/>\n<\/strong><\/li>\n<\/ul>\n<\/li>\n<\/ul>\n<p><span style=\"color: #ffffff\">&#8212;<\/span><br \/>\n**\u00bfTens informaci\u00f3 sobre les atribucions profesionals dels nous t\u00edtols de Grau i M\u00e0ster enfront a les antigues d&#8217;Enginyer\u00eda i Enginyer\u00eda T\u00e8cnica? <a href=\"https:\/\/epse.umh.es\/ca\/estudios\/\" target=\"_blank\" rel=\"noopener noreferrer\">En aquest ella\u00e7 trobar\u00e0s els diagrames dels Programes Integrat amb les seves correspondencies<\/a><\/p>\n<p><span style=\"color: #ffffff\">&#8212;<\/span><\/p>","protected":false},"excerpt":{"rendered":"<p>L&#8217;Escola Polit\u00e8cnica Superior d&#8217;Elx t\u00e9 la seg\u00fcent oferta de M\u00e0sters Oficials:<\/p>\n<p>M\u00c0STER D&#8217;ENGINYER\u00cdA DE TELECOMUNICACI\u00d3<\/p>\n<p>Enlla\u00e7os d&#8217;inter\u00e9s:\u00a0Blog M\u00e1ster\u00a0&#8211;\u00a0www.umh.es<\/p>\n<p>M\u00c0STER D&#8217;ENGINYER\u00cdA\u00a0INDUSTRIAL<\/p>\n<p>Enlla\u00e7os d&#8217;inter\u00e9s:\u00a0Blog M\u00e1ster\u00a0&#8211;\u00a0www.umh.es<\/p>\n<p>&#8212;<br \/>\n**\u00bfTens informaci\u00f3 sobre les atribucions profesionals dels nous t\u00edtols de Grau i M\u00e0ster enfront a les antigues d&#8217;Enginyer\u00eda i Enginyer\u00eda T\u00e8cnica? En aquest ella\u00e7 trobar\u00e0s els diagrames dels Programes Integrat amb les seves correspondencies<br \/>\n&#8212;<\/p>\n","protected":false},"author":3013,"featured_media":0,"parent":9,"menu_order":2,"comment_status":"closed","ping_status":"closed","template":"","meta":{"_links_to":"","_links_to_target":""},"_links":{"self":[{"href":"https:\/\/epse.umh.es\/ca\/wp-json\/wp\/v2\/pages\/109"}],"collection":[{"href":"https:\/\/epse.umh.es\/ca\/wp-json\/wp\/v2\/pages"}],"about":[{"href":"https:\/\/epse.umh.es\/ca\/wp-json\/wp\/v2\/types\/page"}],"author":[{"embeddable":true,"href":"https:\/\/epse.umh.es\/ca\/wp-json\/wp\/v2\/users\/3013"}],"replies":[{"embeddable":true,"href":"https:\/\/epse.umh.es\/ca\/wp-json\/wp\/v2\/comments?post=109"}],"version-history":[{"count":0,"href":"https:\/\/epse.umh.es\/ca\/wp-json\/wp\/v2\/pages\/109\/revisions"}],"up":[{"embeddable":true,"href":"https:\/\/epse.umh.es\/ca\/wp-json\/wp\/v2\/pages\/9"}],"wp:attachment":[{"href":"https:\/\/epse.umh.es\/ca\/wp-json\/wp\/v2\/media?parent=109"}],"curies":[{"name":"wp","href":"https:\/\/api.w.org\/{rel}","templated":true}]}}