{"id":114,"date":"2013-09-25T07:59:14","date_gmt":"2013-09-25T05:59:14","guid":{"rendered":"http:\/\/epse.umh.es\/?page_id=114"},"modified":"2025-09-09T18:01:10","modified_gmt":"2025-09-09T16:01:10","slug":"grado","status":"publish","type":"page","link":"https:\/\/epse.umh.es\/ca\/estudios\/grado\/","title":{"rendered":"Grau"},"content":{"rendered":"<p>L&#8217;Escola Polit\u00e8cnica Superior d&#8217;Elx ofereix la seg\u00fcent llista de Graus Oficials:<\/p>\n<ul>\n<li><strong><span style=\"line-height: 13px\">GRAU D&#8217;ENGINYER\u00cdA DE TECNOLOG\u00cdES DE TELECOMUNICACI\u00d3<\/span><\/strong>\n<ul>\n<li>Enlla\u00e7os d&#8217;inter\u00e9s: <a href=\"http:\/\/teleco.edu.umh.es\/\" target=\"_blank\" rel=\"noopener noreferrer\">Blog Titulaci\u00f3<\/a>\u00a0&#8211; <a href=\"http:\/\/umh.es\/contenido\/Estudios\/:tit_g_142_S1\/datos_val.html\" target=\"_blank\" rel=\"noopener noreferrer\">www.umh.es<\/a><\/li>\n<\/ul>\n<\/li>\n<\/ul>\n<ul>\n<li><strong><span style=\"line-height: 13px\"><strong>GRAU D&#8217;ENGINYER\u00cdA<\/strong>\u00a0EL\u00c8CTRICA<\/span><\/strong>\n<ul>\n<li>Enlla\u00e7os d&#8217;inter\u00e9s:\u00a0<a href=\"http:\/\/electrica.edu.umh.es\/\" target=\"_blank\" rel=\"noopener noreferrer\">Blog Titulaci\u00f3n<\/a> &#8211; <a href=\"http:\/\/umh.es\/contenido\/Estudios\/:tit_g_166_S1\/datos_val.html\" target=\"_blank\" rel=\"noopener noreferrer\">www.umh.es<\/a><\/li>\n<\/ul>\n<\/li>\n<\/ul>\n<ul>\n<li><strong><span style=\"line-height: 13px\"><strong>GRAU D&#8217;ENGINYER\u00cdA\u00a0<\/strong>ELECTR\u00d2NICA I AUTOM\u00c0TICA INDUSTRIAL<\/span><\/strong>\n<ul>\n<li>Enlla\u00e7os d&#8217;inter\u00e9s:\u00a0<a href=\"http:\/\/electronicayautomatica.edu.umh.es\/\" target=\"_blank\" rel=\"noopener noreferrer\">Blog Titulaci\u00f3n<\/a> &#8211; <a href=\"http:\/\/umh.es\/contenido\/Estudios\/:tit_g_141_S1\/datos_val.html\" target=\"_blank\" rel=\"noopener noreferrer\">www.umh.es<\/a><\/li>\n<\/ul>\n<\/li>\n<\/ul>\n<ul>\n<li><strong><strong>GRAU D&#8217;ENGINYER\u00cdA<\/strong>\u00a0MEC\u00c0NICA<\/strong>\n<ul>\n<li>Enlla\u00e7os d&#8217;inter\u00e9s:\u00a0<a href=\"http:\/\/mecanica.edu.umh.es\/\" target=\"_blank\" rel=\"noopener noreferrer\">Blog Titulaci\u00f3n<\/a> &#8211; <a href=\"http:\/\/umh.es\/contenido\/Estudios\/:tit_g_143_S1\/datos_val.html\" target=\"_blank\" rel=\"noopener noreferrer\">www.umh.es<\/a><\/li>\n<\/ul>\n<\/li>\n<\/ul>\n<ul>\n<li><strong>GRAU EN TECNOLOG\u00cdA INFORM\u00c0TICA EN TECNOLOG\u00cdES DE L&#8217;INFORMACI\u00d3<\/strong>\n<ul>\n<li>Enlla\u00e7os d&#8217;inter\u00e9s:\u00a0<a href=\"http:\/\/informatica.edu.umh.es\/\" target=\"_blank\" rel=\"noopener noreferrer\">Blog Titulaci\u00f3n<\/a> &#8211; <a href=\"http:\/\/umh.es\/contenido\/Estudios\/:tit_g_192_S9\/datos_val.html\" target=\"_blank\" rel=\"noopener noreferrer\">www.umh.es<\/a><\/li>\n<\/ul>\n<\/li>\n<\/ul>\n<p><span style=\"color: #ffffff\">&#8212;<\/span><\/p>\n<p>**\u00bfTens informaci\u00f3 sobre les atribucions profesionals dels nous t\u00edtols de Grau i M\u00e0ster enfront a les antigues d&#8217;Enginyer\u00eda i Enginyer\u00eda T\u00e8cnica? <a href=\"https:\/\/epse.umh.es\/ca\/estudios\/\" target=\"_blank\" rel=\"noopener noreferrer\">En aquest ella\u00e7 trobar\u00e0s els diagrames dels Programes Integrat amb les seves correspondencies<\/a><\/p>\n<p><span style=\"color: #ffffff\">&#8212;<\/span><\/p>","protected":false},"excerpt":{"rendered":"<p>L&#8217;Escola Polit\u00e8cnica Superior d&#8217;Elx ofereix la seg\u00fcent llista de Graus Oficials:<\/p>\n<p>GRAU D&#8217;ENGINYER\u00cdA DE TECNOLOG\u00cdES DE TELECOMUNICACI\u00d3<\/p>\n<p>Enlla\u00e7os d&#8217;inter\u00e9s: Blog Titulaci\u00f3\u00a0&#8211; www.umh.es<\/p>\n<p>GRAU D&#8217;ENGINYER\u00cdA\u00a0EL\u00c8CTRICA<\/p>\n<p>Enlla\u00e7os d&#8217;inter\u00e9s:\u00a0Blog Titulaci\u00f3n &#8211; www.umh.es<\/p>\n<p>GRAU D&#8217;ENGINYER\u00cdA\u00a0ELECTR\u00d2NICA I AUTOM\u00c0TICA INDUSTRIAL<\/p>\n<p>Enlla\u00e7os d&#8217;inter\u00e9s:\u00a0Blog Titulaci\u00f3n &#8211; www.umh.es<\/p>\n<p>GRAU D&#8217;ENGINYER\u00cdA\u00a0MEC\u00c0NICA<\/p>\n<p>Enlla\u00e7os d&#8217;inter\u00e9s:\u00a0Blog Titulaci\u00f3n &#8211; www.umh.es<\/p>\n<p>GRAU EN TECNOLOG\u00cdA INFORM\u00c0TICA EN TECNOLOG\u00cdES DE L&#8217;INFORMACI\u00d3<\/p>\n<p>Enlla\u00e7os d&#8217;inter\u00e9s:\u00a0Blog Titulaci\u00f3n &#8211; www.umh.es<\/p>\n<p>&#8212;<br \/>\n**\u00bfTens informaci\u00f3 sobre les atribucions profesionals dels [&#8230;]<\/p>\n","protected":false},"author":3013,"featured_media":0,"parent":9,"menu_order":1,"comment_status":"closed","ping_status":"closed","template":"","meta":{"_links_to":"","_links_to_target":""},"_links":{"self":[{"href":"https:\/\/epse.umh.es\/ca\/wp-json\/wp\/v2\/pages\/114"}],"collection":[{"href":"https:\/\/epse.umh.es\/ca\/wp-json\/wp\/v2\/pages"}],"about":[{"href":"https:\/\/epse.umh.es\/ca\/wp-json\/wp\/v2\/types\/page"}],"author":[{"embeddable":true,"href":"https:\/\/epse.umh.es\/ca\/wp-json\/wp\/v2\/users\/3013"}],"replies":[{"embeddable":true,"href":"https:\/\/epse.umh.es\/ca\/wp-json\/wp\/v2\/comments?post=114"}],"version-history":[{"count":0,"href":"https:\/\/epse.umh.es\/ca\/wp-json\/wp\/v2\/pages\/114\/revisions"}],"up":[{"embeddable":true,"href":"https:\/\/epse.umh.es\/ca\/wp-json\/wp\/v2\/pages\/9"}],"wp:attachment":[{"href":"https:\/\/epse.umh.es\/ca\/wp-json\/wp\/v2\/media?parent=114"}],"curies":[{"name":"wp","href":"https:\/\/api.w.org\/{rel}","templated":true}]}}