{"id":123,"date":"2013-09-25T10:04:54","date_gmt":"2013-09-25T08:04:54","guid":{"rendered":"http:\/\/epse.umh.es\/?page_id=123"},"modified":"2025-07-31T11:28:39","modified_gmt":"2025-07-31T09:28:39","slug":"tfm","status":"publish","type":"page","link":"https:\/\/epse.umh.es\/ca\/tfgm\/tfm\/","title":{"rendered":"<span lang=\"es\">(Espa\u00f1ol) Trabajo Fin de M\u00e1ster<\/span>"},"content":{"rendered":"<p>La proposta i sol\u00b7licitud de defensa dels TFM en les titulacions de l&#8217;EPSE es podran realitzar en qualsevol moment del curs acad\u00e8mic. L&#8217;estudiantat podr\u00e0 tramitar la sol\u00b7licitud d&#8217;expedici\u00f3 del t\u00edtol quan l&#8217; avaluaci\u00f3 del TFM sigui expressada en l&#8217; acta d&#8217; avaluaci\u00f3 de la convocat\u00f2ria corresponent.<\/p>\n<p>La tramitaci\u00f3 i gesti\u00f3 dels <strong>TFMs es realitzar\u00e0 a trav\u00e9s de l&#8217;aplicaci\u00f3 web \u00abGesti\u00f3 del Treball Fi de Grau\u00bb des <\/strong>del vostre acc\u00e9s personalitzat. A dia d&#8217; avui es poden realitzar tots els tr\u00e0mits utilitzant aquesta aplicaci\u00f3. A continuaci\u00f3, s&#8217;incorpora un document PDF que recull el flux complet del proc\u00e9s de TFM a l&#8217;EPSE i dos v\u00eddeos d&#8217;ajut per a la fase 1: Sol\u00b7licitud de proposta de tema TFG i Fase 2: sol\u00b7licitud de defensa de TFG<\/p>\n<ul>\n<li><a href=\"https:\/\/teleco.umh.es\/files\/2025\/07\/Gestion-de-TFGs_TTE_2025.pdf\">Flux de gesti\u00f3 de TFM en Escola Polit\u00e8cnica superior d&#8217; Elche.<\/a><\/li>\n<li><a href=\"https:\/\/drive.google.com\/file\/d\/1AIZtS_l-Ep5HNI-W6La_2YYHZAK426LJ\/view?usp=drive_web\">Fase 1. Sol\u00b7licitud de proposta de tema TFM<\/a><\/li>\n<li><a href=\"https:\/\/drive.google.com\/file\/d\/1vJ0y_uH2cKsuVNshM0qpy9KsQlixtId3\/view?usp=drive_web\">Fase 2: sol\u00b7licitud de defensa de TFM<\/a><\/li>\n<\/ul>\n<p>Per fer el TFM es recomana revisar les normes d&#8217;estil. El document amb les normes d&#8217;estil es pot descarregar a l&#8217;Annex VI o b\u00e9 es pot utilitzar la plantilla <a href=\"https:\/\/www.overleaf.com\/read\/pjrmjbkzztrb#805a15\">Overleaf per a la realitzaci\u00f3 del TFM amb Latex.<\/a><\/p>\n<p><em>Important: En l&#8217;actualitat \u00fanicament \u00e9s necessaris pujar 2 documents a l&#8217;aplicaci\u00f3: (i) la mem\u00f2ria de TFG i (ii) el document de cessi\u00f3 drets signat amb signatura digital v\u00e0lida.<\/em><\/p>\n<p>&nbsp;<\/p>\n<p><strong>INFORMACI\u00d3 ADDICIONAL<\/strong>:<\/p>\n<ul>\n<li><a href=\"https:\/\/epse.umh.es\/files\/2020\/05\/GUI%CC%81A-DE-AYUDA-PARA-UTILIZAR-LA-APLICACIO%CC%81N-TFG_Estudiante.pdf\"><strong>Guia d&#8217; Ajut per a la utilitzaci\u00f3 de l&#8217; Aplicaci\u00f3 de TFM<\/strong><\/a><\/li>\n<li><strong>Normatives Vigents:<\/strong>\n<ul>\n<li><a href=\"https:\/\/epse.umh.es\/files\/2014\/05\/Directrices-UMH-para-TFG.pdf\">Directrius Generals de la UMH.<\/a><\/li>\n<li><a href=\"https:\/\/epse.umh.es\/files\/2014\/05\/Directrices-EPSE-para-TFG.pdf\">Directrius Espec\u00edfiques de l&#8217; EPSE.<\/a><\/li>\n<li><a href=\"https:\/\/epse.umh.es\/files\/2014\/05\/G-Anexo-VI-Normas-de-estilo-y-contenido-obligatorio-de-TFG-y-TFM-de-la-Escuela-Polit%C3%A9cnica-Superior-de-Elche.docx\">Annex VI-Normes d&#8217; Estil<\/a><\/li>\n<\/ul>\n<\/li>\n<\/ul>\n<p><\/p>","protected":false},"excerpt":{"rendered":"<p>La proposta i sol\u00b7licitud de defensa dels TFM en les titulacions de l&#8217;EPSE es podran realitzar en qualsevol moment del curs acad\u00e8mic. L&#8217;estudiantat podr\u00e0 tramitar la sol\u00b7licitud d&#8217;expedici\u00f3 del t\u00edtol quan l&#8217; avaluaci\u00f3 del TFM sigui expressada en l&#8217; acta d&#8217; avaluaci\u00f3 de la convocat\u00f2ria corresponent.<br \/>\nLa tramitaci\u00f3 i gesti\u00f3 dels TFMs es realitzar\u00e0 a trav\u00e9s [&#8230;]<\/p>\n","protected":false},"author":3013,"featured_media":0,"parent":91,"menu_order":2,"comment_status":"closed","ping_status":"closed","template":"","meta":{"_links_to":"","_links_to_target":""},"_links":{"self":[{"href":"https:\/\/epse.umh.es\/ca\/wp-json\/wp\/v2\/pages\/123"}],"collection":[{"href":"https:\/\/epse.umh.es\/ca\/wp-json\/wp\/v2\/pages"}],"about":[{"href":"https:\/\/epse.umh.es\/ca\/wp-json\/wp\/v2\/types\/page"}],"author":[{"embeddable":true,"href":"https:\/\/epse.umh.es\/ca\/wp-json\/wp\/v2\/users\/3013"}],"replies":[{"embeddable":true,"href":"https:\/\/epse.umh.es\/ca\/wp-json\/wp\/v2\/comments?post=123"}],"version-history":[{"count":0,"href":"https:\/\/epse.umh.es\/ca\/wp-json\/wp\/v2\/pages\/123\/revisions"}],"up":[{"embeddable":true,"href":"https:\/\/epse.umh.es\/ca\/wp-json\/wp\/v2\/pages\/91"}],"wp:attachment":[{"href":"https:\/\/epse.umh.es\/ca\/wp-json\/wp\/v2\/media?parent=123"}],"curies":[{"name":"wp","href":"https:\/\/api.w.org\/{rel}","templated":true}]}}