{"id":1322,"date":"2018-06-28T14:02:05","date_gmt":"2018-06-28T12:02:05","guid":{"rendered":"http:\/\/epse.umh.es\/?page_id=1322"},"modified":"2024-07-07T19:20:39","modified_gmt":"2024-07-07T17:20:39","slug":"buzon-de-sugerencias","status":"publish","type":"page","link":"https:\/\/epse.umh.es\/ca\/buzon-de-sugerencias\/","title":{"rendered":"Suggeriments"},"content":{"rendered":"<p><\/p>\n<h5><strong><img loading=\"lazy\" class=\" wp-image-1417 alignleft\" src=\"https:\/\/calidad.umh.es\/files\/2013\/07\/Buzon-UMH-300x300.png\" alt=\"Buzon UMH\" width=\"112\" height=\"112\" \/><\/strong><\/h5>\n<p>La b\u00fastia de suggeriments i queixes \u00e9s l&#8217;instrument posat a disposici\u00f3 dels membres de la comunitat universit\u00e0ria de la UMH per fer-nos arribar les observacions i reclamacions que estimin convenients sobre el funcionament de la Universitat, aix\u00ed com per a la millora de la qualitat dels serveis i titulacions de la mateixa.<\/p>\n<ul>\n<li>S&#8217;ent\u00e9n per suggeriment una proposta de millora per a ser tinguda en compte i que, si escau, s&#8217;incorporar\u00e0 a l&#8217;funcionament ordinari<\/li>\n<li>S&#8217;ent\u00e9n per queixa la manifestaci\u00f3 de descontentament motivada per la percepci\u00f3 negativa d&#8217;una situaci\u00f3, procediment, etc.<\/li>\n<li>Finalment, la reclamaci\u00f3 \u00e9s l&#8217;expressi\u00f3 formal de desacord contra una decisi\u00f3 o resoluci\u00f3 pr\u00e8via sobre aspectes que afecten directament a drets de sol\u00b7licitant.<\/li>\n<\/ul>\n<p style=\"text-align: center\"><a href=\"http:\/\/universite.umh.es\/buzon\/buzon2_0.asp?buzon=dl.buzonsugerencias&amp;uor=&amp;lang=ES\">Acc\u00e9s a la B\u00fastia de Suggeriments i Queixes de la UMH<\/a><\/p>\n<p><\/p>","protected":false},"excerpt":{"rendered":"<p>La b\u00fastia de suggeriments i queixes \u00e9s l&#8217;instrument posat a disposici\u00f3 dels membres de la comunitat universit\u00e0ria de la UMH per fer-nos arribar les observacions i reclamacions que estimin convenients sobre el funcionament de la Universitat, aix\u00ed com per a la millora de la qualitat dels serveis i titulacions de la mateixa.<\/p>\n<p>S&#8217;ent\u00e9n per suggeriment una [&#8230;]<\/p>\n","protected":false},"author":3827,"featured_media":0,"parent":0,"menu_order":0,"comment_status":"closed","ping_status":"closed","template":"","meta":{"_links_to":"","_links_to_target":""},"_links":{"self":[{"href":"https:\/\/epse.umh.es\/ca\/wp-json\/wp\/v2\/pages\/1322"}],"collection":[{"href":"https:\/\/epse.umh.es\/ca\/wp-json\/wp\/v2\/pages"}],"about":[{"href":"https:\/\/epse.umh.es\/ca\/wp-json\/wp\/v2\/types\/page"}],"author":[{"embeddable":true,"href":"https:\/\/epse.umh.es\/ca\/wp-json\/wp\/v2\/users\/3827"}],"replies":[{"embeddable":true,"href":"https:\/\/epse.umh.es\/ca\/wp-json\/wp\/v2\/comments?post=1322"}],"version-history":[{"count":0,"href":"https:\/\/epse.umh.es\/ca\/wp-json\/wp\/v2\/pages\/1322\/revisions"}],"wp:attachment":[{"href":"https:\/\/epse.umh.es\/ca\/wp-json\/wp\/v2\/media?parent=1322"}],"curies":[{"name":"wp","href":"https:\/\/api.w.org\/{rel}","templated":true}]}}