{"id":2102,"date":"2020-02-07T10:45:45","date_gmt":"2020-02-07T09:45:45","guid":{"rendered":"https:\/\/epse.umh.es\/?page_id=2102"},"modified":"2020-09-23T09:54:01","modified_gmt":"2020-09-23T07:54:01","slug":"jpa-epse-2020","status":"publish","type":"page","link":"https:\/\/epse.umh.es\/ca\/jornada-de-puertas-abiertas\/jpa-epse-2020\/","title":{"rendered":"JPA-EPSE 2020"},"content":{"rendered":"<p><a href=\"https:\/\/epse.umh.es\/files\/2020\/02\/Jornadas-Umh-Grupo.jpg\"><img loading=\"lazy\" class=\"aligncenter size-large wp-image-2111\" src=\"https:\/\/epse.umh.es\/files\/2020\/02\/Jornadas-Umh-Grupo-1024x733.jpg\" alt=\"\" width=\"1024\" height=\"733\" \/><\/a><a href=\"https:\/\/epse.umh.es\/files\/2020\/02\/JPA-EPSE-2020.png\"><img loading=\"lazy\" class=\"alignleft wp-image-2108 size-medium\" src=\"https:\/\/epse.umh.es\/files\/2020\/02\/JPA-EPSE-2020-212x300.png\" alt=\"\" width=\"212\" height=\"300\" srcset=\"https:\/\/epse.umh.es\/files\/2020\/02\/JPA-EPSE-2020-212x300.png 212w, https:\/\/epse.umh.es\/files\/2020\/02\/JPA-EPSE-2020-768x1086.png 768w, https:\/\/epse.umh.es\/files\/2020\/02\/JPA-EPSE-2020-724x1024.png 724w\" sizes=\"(max-width: 212px) 100vw, 212px\" \/><\/a>La Jornada de Puertas Abiertas<strong> JPA-EPSE 2020 es el 2 de abril de 2020<\/strong>y est\u00e1 organizada por la Escuela Polit\u00e9cnica Superior de Elche (EPSE). La JPA-EPSE 2019 tiene como objetivo mostrar, tanto a estudiantes de la universidad como a estudiantes de secundaria, bachillerato y ciclo formativo, proyectos y actividades de inter\u00e9s para un futuro ingeniero inform\u00e1tico, de telecomunicaciones o industrial. El objetivo es crear un punto de encuentro usando la ingenier\u00eda como nexo entre participantes.<\/p>\n<p><strong>Si deseas ver de las ediciones antiguas, puedes hacerlo en los siguientes enlaces:<\/strong><\/p>\n<ul>\n<li><strong> <a href=\"https:\/\/epse.umh.es\/jornada-de-puertas-abiertas\/jpa-epse-2017\/fotos-de-la-jpa-epse-2017\/\">Fotos de la JPA-2017 <\/a>y <a href=\"https:\/\/epse.umh.es\/jornada-de-puertas-abiertas\/jpa-epse-2017\/videos-de-la-jpa-epse-2017\/\">videos de la JPA-2017<\/a> <\/strong><\/li>\n<li><strong><a href=\"https:\/\/epse.umh.es\/jornada-de-puertas-abiertas\/jpa-epse-2018\/fotos-de-la-jpa-epse-2018\/\">Fotos y Videos de la JPA-2018 <\/a><\/strong><\/li>\n<li><strong><a href=\"https:\/\/epse.umh.es\/jornada-de-puertas-abiertas\/jpa-epse-2018\/fotos-de-la-jpa-epse-2018\/\" data-wplink-edit=\"true\">Fotos y Videos de la JPA-2019 <\/a><\/strong><\/li>\n<\/ul>\n<p>Si eres estudiante de la EPSE, te animamos a participar en este d\u00eda. Si eres profesor de secundaria, bachillerato o ciclo formativo y deseas asistir con tu clase, accede a la p\u00e1gina de la jornada y realiza tu solicitud en el formulario que hemos habilitado.<\/p>\n<p>Adem\u00e1s, si tus alumnos desean participar en alguna de las actividades que hemos programado para este d\u00eda, pueden hacerlo de forma gratuita rellenando los formularios que hemos creado para cada actividad.<\/p>\n<p>Adem\u00e1s, si tus alumnos desean participar en alguna de las actividades que hemos programado para este d\u00eda, pueden hacerlo de forma gratuita rellenando los formularios que hemos creado para cada actividad. Entra en cada actividad y formaliza tu inscripci\u00f3n:<\/p>\n<ul>\n<li><\/li>\n<\/ul>\n<ul>\n<li><a href=\"https:\/\/epse.umh.es\/jornada-de-puertas-abiertas\/jpa-epse-2018\/ii-concurso-de-vehiculos-autonomos\/\">Concurso Veh\u00edculos Aut\u00f3nomos<\/a>:\n<ul>\n<li><a href=\"https:\/\/docs.google.com\/forms\/d\/e\/1FAIpQLSfM1J-hG1hV8Wyi8A6Ghm_DSU8dIMl-uxbC4Cd6xaR-uABoVg\/viewform?usp=sf_link\" target=\"_blank\" rel=\"noopener noreferrer\">Inscripci\u00f3n para Estudiantes Secundaria, Ciclos Formativos y Bachillerato<\/a><\/li>\n<\/ul>\n<\/li>\n<li><a href=\"https:\/\/epse.umh.es\/jpa-epse-2017\/feria-tecnologica\/\">Feria Tecnol\u00f3gica<\/a>:\n<ul>\n<li><a href=\"https:\/\/docs.google.com\/forms\/d\/e\/1FAIpQLScscYP4FLdK6dItr6f9iKXsorWecZZwvfhABVx4hGIQBnu4mQ\/viewform?usp=sf_link\" target=\"_blank\" rel=\"noopener noreferrer\">Inscripcion para Estudiantes EPSE<\/a>,<\/li>\n<li><a href=\"https:\/\/docs.google.com\/forms\/d\/e\/1FAIpQLSfq-pTvKrKreNjP6c60FMikIc20ErTX5n9qQ1RbPxMhfqb0Kw\/viewform?usp=sf_link\" target=\"_blank\" rel=\"noopener noreferrer\">Inscripci\u00f3n para Estudiantes Secundaria, Ciclos Formativos y Bachillerato<\/a><\/li>\n<\/ul>\n<\/li>\n<\/ul>\n<p>Puedes descargar <a href=\"https:\/\/epse.umh.es\/files\/2019\/03\/Triptico_JPAEPSE2019.pdf\">Triptico_JPAEPSE2019<\/a>:<\/p>\n<p>Si eres Estudiante EPSE y quieres inscribirte como Estudiante Colaborador EPSE, podr\u00e1s recibir hasta 1 credito de Libre eleccion: <strong> Inscripci\u00f3n CERRADA.<\/strong><\/p>\n<p><a href=\"https:\/\/epse.umh.es\/files\/2019\/01\/2019_ConvocatoriaEPSE_AyudaSeminarios.pdf\"><img loading=\"lazy\" class=\"aligncenter wp-image-1664 size-thumbnail\" src=\"https:\/\/epse.umh.es\/files\/2019\/01\/2019_ConvocatoriaEPSE_AyudaSeminarios-150x150.jpg\" alt=\"\" width=\"150\" height=\"150\" \/><\/a><a href=\"https:\/\/epse.umh.es\/files\/2020\/02\/Jornadas-Umh-Grupo.jpg\"><img loading=\"lazy\" class=\"aligncenter size-large wp-image-2111\" src=\"https:\/\/epse.umh.es\/files\/2020\/02\/Jornadas-Umh-Grupo-1024x733.jpg\" alt=\"\" width=\"1024\" height=\"733\" \/><\/a><\/p>","protected":false},"excerpt":{"rendered":"<p>La Jornada de Puertas Abiertas JPA-EPSE 2020 es el 2 de abril de 2020y est\u00e1 organizada por la Escuela Polit\u00e9cnica Superior de Elche (EPSE). La JPA-EPSE 2019 tiene como objetivo mostrar, tanto a estudiantes de la universidad como a estudiantes de secundaria, bachillerato y ciclo formativo, proyectos y actividades de inter\u00e9s para un futuro ingeniero [&#8230;]<\/p>\n","protected":false},"author":1705,"featured_media":0,"parent":944,"menu_order":5,"comment_status":"closed","ping_status":"closed","template":"","meta":{"_links_to":"","_links_to_target":""},"_links":{"self":[{"href":"https:\/\/epse.umh.es\/ca\/wp-json\/wp\/v2\/pages\/2102"}],"collection":[{"href":"https:\/\/epse.umh.es\/ca\/wp-json\/wp\/v2\/pages"}],"about":[{"href":"https:\/\/epse.umh.es\/ca\/wp-json\/wp\/v2\/types\/page"}],"author":[{"embeddable":true,"href":"https:\/\/epse.umh.es\/ca\/wp-json\/wp\/v2\/users\/1705"}],"replies":[{"embeddable":true,"href":"https:\/\/epse.umh.es\/ca\/wp-json\/wp\/v2\/comments?post=2102"}],"version-history":[{"count":0,"href":"https:\/\/epse.umh.es\/ca\/wp-json\/wp\/v2\/pages\/2102\/revisions"}],"up":[{"embeddable":true,"href":"https:\/\/epse.umh.es\/ca\/wp-json\/wp\/v2\/pages\/944"}],"wp:attachment":[{"href":"https:\/\/epse.umh.es\/ca\/wp-json\/wp\/v2\/media?parent=2102"}],"curies":[{"name":"wp","href":"https:\/\/api.w.org\/{rel}","templated":true}]}}