{"id":2938,"date":"2022-01-31T10:16:38","date_gmt":"2022-01-31T09:16:38","guid":{"rendered":"https:\/\/epse.umh.es\/?page_id=2938"},"modified":"2024-04-10T17:48:08","modified_gmt":"2024-04-10T15:48:08","slug":"composicion-del-comite-de-calidad-de-la-escuela-politecnica-superior-de-elche","status":"publish","type":"page","link":"https:\/\/epse.umh.es\/ca\/calidad\/composicion-del-comite-de-calidad-de-la-escuela-politecnica-superior-de-elche\/","title":{"rendered":"COMPOSICI\u00d3 DEL COMIT\u00c8 DE QUALITAT DE L&#8217;ESCOLA POLIT\u00c8CNICA SUPERIOR D&#8217;ELX"},"content":{"rendered":"<p>Jos\u00e9 Mar\u00eda Sabater Navarro<br \/>\nDirector EPSE<br \/>\ne-mail: director.epse@umh.es<br \/>\nTel\u00e8fon: 96 665 8426<\/p>\n<p>Patricia Maz\u00f3n Canals<br \/>\nSecret\u00e0ria EPSE<br \/>\ne-mail: secretari.epse@umh.es<br \/>\nTel\u00e8fon: 96 665 8624<\/p>\n<p>Concepci\u00f3 Parejo Prados<br \/>\nSubdirectora de Qualitat i Relacions Institucionals<br \/>\ne-mail: qualitat.epse@umh.es<br \/>\nTel\u00e8fon: 96 665 8925<\/p>\n<p>Nuria Campillo Dav\u00f3<br \/>\nSubdirectora de Grau en Enginyeria Mec\u00e0nica<br \/>\ne-mail: sub.gradomecanica@umh.es<br \/>\nTel\u00e8fon: +34 96 665 8446<\/p>\n<p>Roberto Gutierrez Maz\u00f3n<br \/>\nSubdirector de Grau en Enginyeria Electr\u00f2nica i Autom\u00e0tica Industrial<br \/>\ne-mail: sub.grauelectronicayautomatica@umh.es<br \/>\nTel\u00e8fon: +34 96 665 8493<\/p>\n<p>Francisco J. Aguilar<br \/>\nCoordinador d&#8217;\u00e0rea per al Grau d&#8217;Enginyeria El\u00e8ctrica<br \/>\ne-mail: sub.gradoelectrica@umh.es<br \/>\nTel\u00e8fon:<\/p>\n<p>Antonio Pe\u00f1alver Benavent<br \/>\nSubdirector de Grau en Enginyeria Inform\u00e0tica en Tecnologies de la Informaci\u00f3<br \/>\ne-mail: sub.gradoinformatica@umh.es<br \/>\nTel\u00e8fon: 96 665 8374<\/p>\n<p>Francisco Javier Gimeno Blanes<br \/>\nSubdirector de Grau en Enginyeria en Tecnologies de Telecomunicaci\u00f3<br \/>\ne-mail: sub.gradoteleco@umh.es<br \/>\nTel\u00e8fon: 96 665 8881<\/p>\n<p>Abel Riquelme Navarro Arques<br \/>\nSubdirector de Coordinaci\u00f3 Docent, Conviv\u00e8ncia Universit\u00e0ria,\u00a0igualtat i diversitat<br \/>\ne-mail: innovacion.epse@umh.es<br \/>\nTel\u00e8fon: 96 665 8404<\/p>\n<p>Maria dels Angeles Bustamante Mu\u00f1oz<br \/>\nSubdirectora de Comunicaci\u00f3, Relacions Internacionals i Mobilitat<br \/>\ne-mail: internacional.epse@umh.es<br \/>\nTel\u00e8fon: +34 96 522 2103<\/p>\n<p>M\u00f2nica Ballesta Galdeano<br \/>\nDirectora de M\u00e0ster Universitari en Enginyeria Industrial<br \/>\ne-mail: director.masterindustriales@umh.es<br \/>\nTel\u00e8fon: +34 96 522 2404<\/p>\n<p>Vicente Galiano Ibarra<br \/>\nDirector de M\u00e0ster Universitari en Enginyeria de Telecomunicacions<br \/>\ne-mail: director.mastertelecomunicaciones@umh.es<br \/>\nTel\u00e8fon: 96 665 8394<\/p>\n<p>Pedro Juan Mart\u00ednez Beltr\u00e1n<br \/>\nDirector de M\u00e0ster Universitari en Instal\u00b7lacions T\u00e8rmiques i El\u00e8ctriques. Efici\u00e8ncia Energ\u00e8tica<br \/>\ne-mail: pjuan.martinez@umh.es<br \/>\nTel\u00e8fon: 96 665 8566<\/p>\n<p>Juan Carlos Ferrer Mill\u00e1n<br \/>\nDirector de M\u00e0ster Universitari en Energia Solar i Renovables<br \/>\ne-mail: jc.ferrer@umh.es<br \/>\nTel\u00e8fon: 966658489<\/p>\n<p>Oscar Reinoso Garcia<br \/>\nDirector de M\u00e0ster Universitari en Rob\u00f2tica<br \/>\ne-mail: o.reinoso@umh.es<br \/>\nTel\u00e8fon: 96 665 8616<\/p>\n<p>Sergio Carnicero<br \/>\nDelegat d\u00b4Estudiants de l\u00b4EPSE<br \/>\ne-mail: dec.epse.delegaci\u00f3n@goumh.umh.es<\/p>","protected":false},"excerpt":{"rendered":"<p>Jos\u00e9 Mar\u00eda Sabater Navarro<br \/>\nDirector EPSE<br \/>\ne-mail: director.epse@umh.es<br \/>\nTel\u00e8fon: 96 665 8426<br \/>\nPatricia Maz\u00f3n Canals<br \/>\nSecret\u00e0ria EPSE<br \/>\ne-mail: secretari.epse@umh.es<br \/>\nTel\u00e8fon: 96 665 8624<br \/>\nConcepci\u00f3 Parejo Prados<br \/>\nSubdirectora de Qualitat i Relacions Institucionals<br \/>\ne-mail: qualitat.epse@umh.es<br \/>\nTel\u00e8fon: 96 665 8925<br \/>\nNuria Campillo Dav\u00f3<br \/>\nSubdirectora de Grau en Enginyeria Mec\u00e0nica<br \/>\ne-mail: sub.gradomecanica@umh.es<br \/>\nTel\u00e8fon: +34 96 665 8446<br \/>\nRoberto Gutierrez Maz\u00f3n<br \/>\nSubdirector de Grau en Enginyeria Electr\u00f2nica i Autom\u00e0tica Industrial<br \/>\ne-mail: sub.grauelectronicayautomatica@umh.es<br \/>\nTel\u00e8fon: +34 96 665 8493<br \/>\nFrancisco J. [&#8230;]<\/p>\n","protected":false},"author":1705,"featured_media":0,"parent":2941,"menu_order":0,"comment_status":"closed","ping_status":"closed","template":"","meta":{"_links_to":"","_links_to_target":""},"_links":{"self":[{"href":"https:\/\/epse.umh.es\/ca\/wp-json\/wp\/v2\/pages\/2938"}],"collection":[{"href":"https:\/\/epse.umh.es\/ca\/wp-json\/wp\/v2\/pages"}],"about":[{"href":"https:\/\/epse.umh.es\/ca\/wp-json\/wp\/v2\/types\/page"}],"author":[{"embeddable":true,"href":"https:\/\/epse.umh.es\/ca\/wp-json\/wp\/v2\/users\/1705"}],"replies":[{"embeddable":true,"href":"https:\/\/epse.umh.es\/ca\/wp-json\/wp\/v2\/comments?post=2938"}],"version-history":[{"count":0,"href":"https:\/\/epse.umh.es\/ca\/wp-json\/wp\/v2\/pages\/2938\/revisions"}],"up":[{"embeddable":true,"href":"https:\/\/epse.umh.es\/ca\/wp-json\/wp\/v2\/pages\/2941"}],"wp:attachment":[{"href":"https:\/\/epse.umh.es\/ca\/wp-json\/wp\/v2\/media?parent=2938"}],"curies":[{"name":"wp","href":"https:\/\/api.w.org\/{rel}","templated":true}]}}