{"id":3,"date":"2011-09-01T07:05:09","date_gmt":"2011-09-01T05:05:09","guid":{"rendered":"http:\/\/epse.zeus.umh.es\/presentacion\/"},"modified":"2024-07-17T13:47:49","modified_gmt":"2024-07-17T11:47:49","slug":"presentacion","status":"publish","type":"page","link":"https:\/\/epse.umh.es\/ca\/presentacion\/","title":{"rendered":"Presentaci\u00f3"},"content":{"rendered":"<p><\/p>\n<h3 style=\"text-align: center\"><span style=\"color: #0a05f9\"><span style=\"color: #ffffff;font-size: 13px\"><a href=\"https:\/\/epse.umh.es\/files\/2024\/07\/logo_epse3_1200.png\"><img loading=\"lazy\" class=\"aligncenter wp-image-3653 size-medium\" src=\"https:\/\/epse.umh.es\/files\/2024\/07\/logo_epse3_1200-300x117.png\" alt=\"\" width=\"300\" height=\"117\" srcset=\"https:\/\/epse.umh.es\/files\/2024\/07\/logo_epse3_1200-300x117.png 300w, https:\/\/epse.umh.es\/files\/2024\/07\/logo_epse3_1200-1024x400.png 1024w, https:\/\/epse.umh.es\/files\/2024\/07\/logo_epse3_1200-768x300.png 768w, https:\/\/epse.umh.es\/files\/2024\/07\/logo_epse3_1200-1536x601.png 1536w, https:\/\/epse.umh.es\/files\/2024\/07\/logo_epse3_1200-2048x801.png 2048w\" sizes=\"(max-width: 300px) 100vw, 300px\" \/><\/a><img loading=\"lazy\" class=\"aligncenter wp-image-234\" src=\"https:\/\/epse.umh.es\/files\/2014\/04\/Logo_val.jpg\" alt=\"Logo\" width=\"554\" height=\"69\" \/>&#8212;<\/span><\/span><\/h3>\n<p style=\"text-align: justify\"><img loading=\"lazy\" class=\"wp-image-221 alignleft\" src=\"https:\/\/epse.umh.es\/files\/2014\/04\/Foto_1.jpg\" alt=\"Foto_1\" width=\"311\" height=\"209\" \/><span style=\"color: #ffffff\">&#8212;<\/span>L&#8217;Escola Polit\u00e8cnica Superior d&#8217;Elx (Epse) \u00e9s un centre de la Universitat Miguel Hern\u00e1ndez d&#8217;Elx on imparteix titulacions de grau i m\u00e0ster relacionades amb <b>l&#8217;Enginyeria Industrial<\/b>, <b>l&#8217;Enginyeria de Telecomunicaci\u00f3<\/b> i <b>l&#8217;Enginyeria Inform\u00e0tica<\/b>. Anualment uns 450 alumnes formalitzen el seu acc\u00e9s a la universitat per realitzar els seus estudis en el centre, que compta actualment amb m\u00e9s de 2300 alumnes.<\/p>\n<p style=\"text-align: justify\"><span style=\"color: #ffffff\">&#8212;<\/span>La Epse compta amb una plantilla de m\u00e9s de 120 professors que compaginen la seva tasca docent amb la investigaci\u00f3 en diversos camps vinculats a l&#8217;Enginyeria Industrial, \u00a0l&#8217;Enginyeria de Telecomunicaci\u00f3 \u00a0i l&#8217;Enginyeria Inform\u00e0tica. Els recursos materials, laboratoris i equips de recerca permeten alsalumnes que realitzen els seus treballs final de grau,carrera o m\u00e0ster, con\u00e8ixer i tractar de primera m\u00e0 amb t\u00e8cniques i tecnologies punteres a nivell mundial en els seus \u00e0mbits espec\u00edfics.<\/p>\n<p style=\"text-align: justify\"><span style=\"color: #ffffff\">&#8212;<\/span>La\u00a0Epse\u00a0aposta per la\u00a0formaci\u00f3\u00a0integral dels seus estudiants\u00a0a trav\u00e9s dels\u00a0m\u00e9s\u00a0de 5000\u00a0convenis\u00a0amb empreses\u00a0que <img loading=\"lazy\" class=\"alignright wp-image-224\" src=\"https:\/\/epse.umh.es\/files\/2014\/04\/Foto_4.jpg\" alt=\"Foto_4\" width=\"285\" height=\"212\" srcset=\"https:\/\/epse.umh.es\/files\/2014\/04\/Foto_4.jpg 741w, https:\/\/epse.umh.es\/files\/2014\/04\/Foto_4-300x223.jpg 300w\" sizes=\"(max-width: 285px) 100vw, 285px\" \/>obren\u00a0la porta a la\u00a0realitzaci\u00f3\u00a0de pr\u00e0ctiquesprofessionals,\u00a0i per un\u00a0esperit\u00a0d&#8217;internacionalitzaci\u00f3\u00a0del proc\u00e9s\u00a0formatiu\u00a0de l&#8217;estudiant,\u00a0fomentant\u00a0la mobilitat d&#8217;alumnes\u00a0i professors\u00a0a trav\u00e9s de relacions\u00a0institucionalsamb centres\u00a0nacionals\u00a0i\u00a0estrangers.<\/p>\n<p style=\"text-align: justify\"><span style=\"color: #ffffff\">&#8212;<\/span>Finalment la Epse incentiva de manera activa la realitzaci\u00f3 d&#8217;activitats que complementen la formaci\u00f3 acad\u00e8mica de l&#8217;estudiant, organitzant visites a empreses i institucionsrelacionades amb l&#8217;Enginyeria Industrial, l&#8217;Enginyeria de Telecomunicaci\u00f3 i l&#8217;Enginyeria Inform\u00e0tica, i fomentant la participaci\u00f3 d&#8217;estudiants iprofessors en f\u00f2rums nacionals i internacionals relacionatsamb tots dos \u00e0mbits.<\/p>\n<p style=\"text-align: justify\"><span style=\"color: #ffffff\">&#8212;<\/span><\/p>\n<p><\/p>","protected":false},"excerpt":{"rendered":"<p>&#8212;<br \/>\n&#8212;L&#8217;Escola Polit\u00e8cnica Superior d&#8217;Elx (Epse) \u00e9s un centre de la Universitat Miguel Hern\u00e1ndez d&#8217;Elx on imparteix titulacions de grau i m\u00e0ster relacionades amb l&#8217;Enginyeria Industrial, l&#8217;Enginyeria de Telecomunicaci\u00f3 i l&#8217;Enginyeria Inform\u00e0tica. Anualment uns 450 alumnes formalitzen el seu acc\u00e9s a la universitat per realitzar els seus estudis en el centre, que compta actualment amb m\u00e9s [&#8230;]<\/p>\n","protected":false},"author":3013,"featured_media":0,"parent":0,"menu_order":0,"comment_status":"closed","ping_status":"closed","template":"","meta":{"_links_to":"","_links_to_target":""},"_links":{"self":[{"href":"https:\/\/epse.umh.es\/ca\/wp-json\/wp\/v2\/pages\/3"}],"collection":[{"href":"https:\/\/epse.umh.es\/ca\/wp-json\/wp\/v2\/pages"}],"about":[{"href":"https:\/\/epse.umh.es\/ca\/wp-json\/wp\/v2\/types\/page"}],"author":[{"embeddable":true,"href":"https:\/\/epse.umh.es\/ca\/wp-json\/wp\/v2\/users\/3013"}],"replies":[{"embeddable":true,"href":"https:\/\/epse.umh.es\/ca\/wp-json\/wp\/v2\/comments?post=3"}],"version-history":[{"count":0,"href":"https:\/\/epse.umh.es\/ca\/wp-json\/wp\/v2\/pages\/3\/revisions"}],"wp:attachment":[{"href":"https:\/\/epse.umh.es\/ca\/wp-json\/wp\/v2\/media?parent=3"}],"curies":[{"name":"wp","href":"https:\/\/api.w.org\/{rel}","templated":true}]}}