{"id":33,"date":"2011-11-17T22:36:57","date_gmt":"2011-11-17T22:36:57","guid":{"rendered":"http:\/\/epse.umh.es\/erasmus-estudios\/"},"modified":"2020-11-16T15:57:31","modified_gmt":"2020-11-16T14:57:31","slug":"erasmus-estudios","status":"publish","type":"page","link":"https:\/\/epse.umh.es\/ca\/internacional-4\/programas-de-intercambio-y-movilidad\/erasmus\/erasmus-estudios\/","title":{"rendered":"<span lang=\"es\">(Espa\u00f1ol) Erasmus -Estudios<\/span>"},"content":{"rendered":"<p><a href=\"https:\/\/internacional.umh.es\/estudiantes\/erasmus\/umh\/erasmus-20122013-estudios\/\" target=\"blank\" rel=\"noopener noreferrer\">OFERTA ERASMUS 2012\/2013 Estudios<\/a><\/p>\n<p>Listado de universidades asociadas mediante convenios a estudios impartidos en la EPSE<\/p>\n<p><strong>Alemanya<\/strong><\/p>\n<ul>\n<li>Fachhochschule Stralsund<\/li>\n<li>Technische Universit\u00e4t Ilmenau<\/li>\n<li>Hochschule M\u00fcnchen<\/li>\n<li>Upper Austria University of Applied Sciences<\/li>\n<\/ul>\n<p><strong>Dinamarca<\/strong><\/p>\n<ul>\n<li>Danmarks Tekniske Universitet Techical -University of Denmark<\/li>\n<li>University of Southern Denmark<\/li>\n<\/ul>\n<p><strong>Fran\u00e7a<\/strong><\/p>\n<ul>\n<li>Universit\u00e9 Henri Poincar\u00e9, Nancy 1<\/li>\n<\/ul>\n<p><strong>Hongria<\/strong><\/p>\n<ul>\n<li>Budapesti M\u00fcszaki\u00e9s Gazdas\u00e1gtudom\u00e1nyi Egyetem<\/li>\n<\/ul>\n<p><strong>It\u00e0lia<\/strong><\/p>\n<ul>\n<li>Politecnico di Torino<\/li>\n<li>Universit\u00e0 degli Studi di Brescia<\/li>\n<li>Universit\u00e0 Degli Studi di Cagliari<\/li>\n<li>Universit\u00e0 Degli Studi di Firenze<\/li>\n<li>Universit\u00e0 Degli Studi di Pavia<\/li>\n<li>Universit\u00e0 Degli Studi di Sannio<\/li>\n<\/ul>\n<p><strong>Pa\u00efsos\u00a0Baixos<\/strong><\/p>\n<ul>\n<li>Saxion University of Applied Sciences<\/li>\n<\/ul>\n<p><strong>Pol\u00f2nia<\/strong><\/p>\n<ul>\n<li>Politechnika Wroclawska (Wroclaw University of Technology<\/li>\n<li>Zapadoceska Universita v Plzni (University of West Bohemia)<\/li>\n<li>Opole University of Technology<\/li>\n<\/ul>\n<p><strong>Portugal<\/strong><\/p>\n<ul>\n<li>University of Beira Interior<\/li>\n<\/ul>\n<p><strong>Regne\u00a0Unit<\/strong><\/p>\n<ul>\n<li>University of Southampton<\/li>\n<\/ul>\n<p><strong>Romania<\/strong><\/p>\n<ul>\n<li>Universitatea Transvane din Brasov<\/li>\n<li>Universitatea Ovidius Constanta<\/li>\n<\/ul>\n<p><\/p>","protected":false},"excerpt":{"rendered":"<p>OFERTA ERASMUS 2012\/2013 Estudios<br \/>\nListado de universidades asociadas mediante convenios a estudios impartidos en la EPSE<br \/>\nAlemanya<\/p>\n<p>Fachhochschule Stralsund<br \/>\nTechnische Universit\u00e4t Ilmenau<br \/>\nHochschule M\u00fcnchen<br \/>\nUpper Austria University of Applied Sciences<\/p>\n<p>Dinamarca<\/p>\n<p>Danmarks Tekniske Universitet Techical -University of Denmark<br \/>\nUniversity of Southern Denmark<\/p>\n<p>Fran\u00e7a<\/p>\n<p>Universit\u00e9 Henri Poincar\u00e9, Nancy 1<\/p>\n<p>Hongria<\/p>\n<p>Budapesti M\u00fcszaki\u00e9s Gazdas\u00e1gtudom\u00e1nyi Egyetem<\/p>\n<p>It\u00e0lia<\/p>\n<p>Politecnico di Torino<br \/>\nUniversit\u00e0 degli Studi di Brescia<br \/>\nUniversit\u00e0 Degli Studi di Cagliari<br \/>\nUniversit\u00e0 Degli Studi di Firenze<br \/>\nUniversit\u00e0 Degli [&#8230;]<\/p>\n","protected":false},"author":246,"featured_media":0,"parent":24,"menu_order":0,"comment_status":"closed","ping_status":"open","template":"","meta":{"_links_to":"","_links_to_target":""},"_links":{"self":[{"href":"https:\/\/epse.umh.es\/ca\/wp-json\/wp\/v2\/pages\/33"}],"collection":[{"href":"https:\/\/epse.umh.es\/ca\/wp-json\/wp\/v2\/pages"}],"about":[{"href":"https:\/\/epse.umh.es\/ca\/wp-json\/wp\/v2\/types\/page"}],"author":[{"embeddable":true,"href":"https:\/\/epse.umh.es\/ca\/wp-json\/wp\/v2\/users\/246"}],"replies":[{"embeddable":true,"href":"https:\/\/epse.umh.es\/ca\/wp-json\/wp\/v2\/comments?post=33"}],"version-history":[{"count":0,"href":"https:\/\/epse.umh.es\/ca\/wp-json\/wp\/v2\/pages\/33\/revisions"}],"up":[{"embeddable":true,"href":"https:\/\/epse.umh.es\/ca\/wp-json\/wp\/v2\/pages\/24"}],"wp:attachment":[{"href":"https:\/\/epse.umh.es\/ca\/wp-json\/wp\/v2\/media?parent=33"}],"curies":[{"name":"wp","href":"https:\/\/api.w.org\/{rel}","templated":true}]}}