{"id":3512,"date":"2023-11-30T13:12:29","date_gmt":"2023-11-30T12:12:29","guid":{"rendered":"https:\/\/epse.umh.es\/?page_id=3512"},"modified":"2025-07-27T12:44:24","modified_gmt":"2025-07-27T10:44:24","slug":"trabajo-fin-de-grado-2023","status":"publish","type":"page","link":"https:\/\/epse.umh.es\/ca\/tfgm\/trabajo-fin-de-grado-2023\/","title":{"rendered":"Treball Fi de Grau EPSE"},"content":{"rendered":"<p>La proposta i sol\u00b7licitud de defensa dels TFG en les titulacions de l&#8217;EPSE es podran realitzar en qualsevol moment del curs acad\u00e8mic. L&#8217;estudiantat podr\u00e0 tramitar la sol\u00b7licitud d&#8217;expedici\u00f3 del t\u00edtol quan l&#8217; avaluaci\u00f3 del TFG sigui expressada en l&#8217; acta d&#8217; avaluaci\u00f3 de la convocat\u00f2ria corresponent.<\/p>\n<p>La tramitaci\u00f3 i gesti\u00f3 dels <strong>TFGs es realitzar\u00e0 a trav\u00e9s de l&#8217;aplicaci\u00f3 web \u00abGesti\u00f3 del Treball Fi de Grau\u00bb des <\/strong>del vostre acc\u00e9s personalitzat. A dia d&#8217; avui es poden realitzar tots els tr\u00e0mits utilitzant aquesta aplicaci\u00f3. A continuaci\u00f3, s&#8217;incorpora un document PDF que recull el flux complet del proc\u00e9s de TFG a l&#8217;EPSE i dos v\u00eddeos d&#8217;ajut per a la fase 1: Sol\u00b7licitud de proposta de tema TFG i Fase 2: sol\u00b7licitud de defensa de TFG<\/p>\n<ul>\n<li><a href=\"https:\/\/teleco.umh.es\/files\/2025\/07\/Gestion-de-TFGs_TTE_2025.pdf\">Flux de gesti\u00f3 de TFGs en Escola Polit\u00e8cnica superior d&#8217; Elche.<\/a><\/li>\n<li><a href=\"https:\/\/drive.google.com\/file\/d\/1AIZtS_l-Ep5HNI-W6La_2YYHZAK426LJ\/view?usp=drive_web\">Fase 1. Sol\u00b7licitud de proposta de tema TFG<\/a><\/li>\n<li><a href=\"https:\/\/drive.google.com\/file\/d\/1vJ0y_uH2cKsuVNshM0qpy9KsQlixtId3\/view?usp=drive_web\">Fase 2: sol\u00b7licitud de defensa de TFG<\/a><\/li>\n<\/ul>\n<p>Per fer el TFG es recomana revisar les normes d&#8217;estil. El document amb les normes d&#8217;estil es pot descarregar a <a href=\"https:\/\/epse.umh.es\/files\/2024\/04\/G-Anexo-VI-Normas-de-estilo-y-contenido-obligatorio-de-TFG-y-TFM-de-la-Escuela-Politecnica-Superior-de-Elche1.docx\">l&#8217;Annex VI<\/a> o b\u00e9 es pot utilitzar la plantilla <a href=\"https:\/\/www.overleaf.com\/read\/pjrmjbkzztrb#805a15\">Overleaf per a la realitzaci\u00f3 del TFG amb Latex<\/a>.<\/p>\n<p><em>Important: En l&#8217;actualitat \u00fanicament \u00e9s necessaris pujar 2 documents a l&#8217;aplicaci\u00f3: (i) la mem\u00f2ria de TFG i (ii) el document de cessi\u00f3 drets signat amb signatura digital v\u00e0lida.<\/em><\/p>\n<p>&nbsp;<\/p>\n<p><strong>INFORMACI\u00d3 ADDICIONAL<\/strong>:<\/p>\n<ul>\n<li><a href=\"https:\/\/epse.umh.es\/files\/2020\/05\/GUI%CC%81A-DE-AYUDA-PARA-UTILIZAR-LA-APLICACIO%CC%81N-TFG_Estudiante.pdf\"><strong>Guia d&#8217; Ajut per a la utilitzaci\u00f3 de l&#8217; Aplicaci\u00f3 de TFG<\/strong><\/a><\/li>\n<li><strong>Normatives Vigents:<\/strong>\n<ul>\n<li><a href=\"https:\/\/epse.umh.es\/files\/2014\/05\/Directrices-UMH-para-TFG.pdf\">Directrius Generals de la UMH.<\/a><\/li>\n<li><a href=\"https:\/\/epse.umh.es\/files\/2014\/05\/Directrices-EPSE-para-TFG.pdf\">Directrius Espec\u00edfiques de l&#8217; EPSE.<\/a><\/li>\n<li><a href=\"https:\/\/epse.umh.es\/files\/2024\/04\/G-Anexo-VI-Normas-de-estilo-y-contenido-obligatorio-de-TFG-y-TFM-de-la-Escuela-Politecnica-Superior-de-Elche1.docx\">Annex VI-Normes d&#8217; Estil (v2024)<\/a><\/li>\n<\/ul>\n<\/li>\n<\/ul>\n<p><\/p>","protected":false},"excerpt":{"rendered":"<p>La proposta i sol\u00b7licitud de defensa dels TFG en les titulacions de l&#8217;EPSE es podran realitzar en qualsevol moment del curs acad\u00e8mic. L&#8217;estudiantat podr\u00e0 tramitar la sol\u00b7licitud d&#8217;expedici\u00f3 del t\u00edtol quan l&#8217; avaluaci\u00f3 del TFG sigui expressada en l&#8217; acta d&#8217; avaluaci\u00f3 de la convocat\u00f2ria corresponent.<br \/>\nLa tramitaci\u00f3 i gesti\u00f3 dels TFGs es realitzar\u00e0 a trav\u00e9s [&#8230;]<\/p>\n","protected":false},"author":3142,"featured_media":0,"parent":91,"menu_order":1,"comment_status":"closed","ping_status":"closed","template":"","meta":{"_links_to":"","_links_to_target":""},"_links":{"self":[{"href":"https:\/\/epse.umh.es\/ca\/wp-json\/wp\/v2\/pages\/3512"}],"collection":[{"href":"https:\/\/epse.umh.es\/ca\/wp-json\/wp\/v2\/pages"}],"about":[{"href":"https:\/\/epse.umh.es\/ca\/wp-json\/wp\/v2\/types\/page"}],"author":[{"embeddable":true,"href":"https:\/\/epse.umh.es\/ca\/wp-json\/wp\/v2\/users\/3142"}],"replies":[{"embeddable":true,"href":"https:\/\/epse.umh.es\/ca\/wp-json\/wp\/v2\/comments?post=3512"}],"version-history":[{"count":0,"href":"https:\/\/epse.umh.es\/ca\/wp-json\/wp\/v2\/pages\/3512\/revisions"}],"up":[{"embeddable":true,"href":"https:\/\/epse.umh.es\/ca\/wp-json\/wp\/v2\/pages\/91"}],"wp:attachment":[{"href":"https:\/\/epse.umh.es\/ca\/wp-json\/wp\/v2\/media?parent=3512"}],"curies":[{"name":"wp","href":"https:\/\/api.w.org\/{rel}","templated":true}]}}