{"id":5,"date":"2011-09-01T07:24:53","date_gmt":"2011-09-01T07:24:53","guid":{"rendered":"http:\/\/epse.zeus.umh.es\/presentacion\/directorio\/"},"modified":"2025-10-13T12:28:02","modified_gmt":"2025-10-13T10:28:02","slug":"directorio","status":"publish","type":"page","link":"https:\/\/epse.umh.es\/ca\/presentacion\/directorio\/","title":{"rendered":"Directori"},"content":{"rendered":"<p>EQUIP DIRECTIU.<\/p>\n<ul>\n<li>DIRECTOR D&#8217;ESCOLA<br \/>\nJose Mar\u00eda Sabater Navarro<br \/>\nEmail:\u00a0director.epse@umh.es<\/li>\n<li>SECRET\u00c0RIA D&#8217;ESCOLA<br \/>\nPatricia Maz\u00f3n Canals<br \/>\nEmail: secretari.epse@umh.es<\/li>\n<li>SUBDIRECTOR DE GRAU EN ENGINYERIA ELECTRONICA I AUTOMATICA INDUSTRIAL<br \/>\nRoberto Gutierrez Maz\u00f3n<br \/>\nEmail: sub.grauelectronicayautomatica@umh.es<\/li>\n<li>SUBDIRECTORA DE GRAU EN ENGINYERIA MEC\u00c0NICA<br \/>\nNuria Campillo Davo<br \/>\nEmail: sub.gradomecanica@umh.es<\/li>\n<li>SUBDIRECTOR DE GRAU EN ENGINYERIA EL\u00c8CTRICA<br \/>\nFrancisco Javier Aguilar Valero<br \/>\nEmail: sub.gradoelectrica@umh.es<\/li>\n<li>SUBDIRECTOR DE GRAU EN ENGINYERIA DE TECNOLOGIES DE TELECOMUNICACI\u00d3<br \/>\nFrancisco Javier Gimeno Blanes<br \/>\nEmail: sub.gradoteleco@umh.es<\/li>\n<li>SUBDIRECTOR DE GRAU EN ENGINYERIA INFORM\u00c0TICA EN TECNOLOGIES DE LA INFORMACI\u00d3<br \/>\nPe\u00f1alver Benavent, Antonio<br \/>\nEmail: sub.gradoinformatica@umh.es<\/li>\n<li>SUBDIRECTORA DE QUALITAT I RELACIONS INSTITUCIONALS<br \/>\nConcepci\u00f3 Parejo Prados<br \/>\nEmail: qualitat.epse@umh.es<\/li>\n<li>SUBDIRECTORA DE RELACIONS INTERNACIONALS I MOBILITAT<br \/>\nM\u00aa \u00c1ngeles Bustamante Mu\u00f1oz<br \/>\nEmail: internacional.epse@umh.es<\/li>\n<li>SUBDIRECTOR DE COORDINACI\u00d3 DOCENT I INNOVACI\u00d3 EDUCATIVA<br \/>\nAbel Riquelme Navarro Arques<br \/>\nEmail: innovacion.epse@umh.es<\/li>\n<li>SUBDIRECTORA D&#8217;ESTUDIANTS, PROMOCI\u00d3 D&#8217;ESTUDIS I COMUNICACI\u00d3 DE GRAUS D&#8217;\u00c0MBIT INDUSTRIAL<br \/>\nBallesta Galdeano, M\u00f2nica<br \/>\nEmail: director.masterindustriales@umh.es<\/li>\n<li>SUBDIRECTOR D&#8217;ESTUDIANTS, PROMOCI\u00d3 D&#8217;ESTUDIS I COMUNICACI\u00d3 DE GRAUS D&#8217;\u00c0MBIT TIC<br \/>\nVicente Galiano Ibarra<br \/>\nEmail: director.mastertelecomunicacions@umh.es<\/li>\n<\/ul>\n<p>&nbsp;<\/p>\n<p>REPRESENTACI\u00d3 ESTUDIANTIL<\/p>\n<ul>\n<li>DELEGAT D&#8217;ESTUDIANTS DE CENTRE<br \/>\nLaura Egea Garcia<br \/>\ndec.epse.delegacion@goumh.umh.es<\/li>\n<li>VICEDELEGAT D&#8217;ESTUDIANTS DE CENTRE<br \/>\nSergio Carnicero Cano<br \/>\nvice.epse@delegacion.umh.es<\/li>\n<li>SECRETARI D&#8217;ESTUDIANTS DE CENTRE<\/li>\n<li>Clara Ortega S\u00e1nchez-Valdepe\u00f1as<\/li>\n<li>secre.epse@delegacion.umh.es<\/li>\n<\/ul>\n<p>PERSONAL D&#8217;ADMINISTRACI\u00d3 I SERVEIS<\/p>\n<p>&nbsp;<\/p>\n<ul>\n<li>ADMINISTRATIUS\/ES<\/li>\n<li>Compte administraci\u00f3: escola.epse@umh.es<br \/>\nGamero \u00a0S\u00e1nchez, \u00a0Joan \u00a0Jos\u00e9<br \/>\nPoveda P\u00e9rez, Cristina<\/li>\n<\/ul>\n<p><\/p>","protected":false},"excerpt":{"rendered":"<p>EQUIP DIRECTIU.<\/p>\n<p>DIRECTOR D&#8217;ESCOLA<br \/>\nJose Mar\u00eda Sabater Navarro<br \/>\nEmail:\u00a0director.epse@umh.es<br \/>\nSECRET\u00c0RIA D&#8217;ESCOLA<br \/>\nPatricia Maz\u00f3n Canals<br \/>\nEmail: secretari.epse@umh.es<br \/>\nSUBDIRECTOR DE GRAU EN ENGINYERIA ELECTRONICA I AUTOMATICA INDUSTRIAL<br \/>\nRoberto Gutierrez Maz\u00f3n<br \/>\nEmail: sub.grauelectronicayautomatica@umh.es<br \/>\nSUBDIRECTORA DE GRAU EN ENGINYERIA MEC\u00c0NICA<br \/>\nNuria Campillo Davo<br \/>\nEmail: sub.gradomecanica@umh.es<br \/>\nSUBDIRECTOR DE GRAU EN ENGINYERIA EL\u00c8CTRICA<br \/>\nFrancisco Javier Aguilar Valero<br \/>\nEmail: sub.gradoelectrica@umh.es<br \/>\nSUBDIRECTOR DE GRAU EN ENGINYERIA DE TECNOLOGIES DE TELECOMUNICACI\u00d3<br \/>\nFrancisco Javier Gimeno Blanes<br \/>\nEmail: sub.gradoteleco@umh.es<br \/>\nSUBDIRECTOR DE GRAU EN ENGINYERIA INFORM\u00c0TICA [&#8230;]<\/p>\n","protected":false},"author":3013,"featured_media":0,"parent":3,"menu_order":1,"comment_status":"closed","ping_status":"open","template":"","meta":{"_links_to":"","_links_to_target":""},"_links":{"self":[{"href":"https:\/\/epse.umh.es\/ca\/wp-json\/wp\/v2\/pages\/5"}],"collection":[{"href":"https:\/\/epse.umh.es\/ca\/wp-json\/wp\/v2\/pages"}],"about":[{"href":"https:\/\/epse.umh.es\/ca\/wp-json\/wp\/v2\/types\/page"}],"author":[{"embeddable":true,"href":"https:\/\/epse.umh.es\/ca\/wp-json\/wp\/v2\/users\/3013"}],"replies":[{"embeddable":true,"href":"https:\/\/epse.umh.es\/ca\/wp-json\/wp\/v2\/comments?post=5"}],"version-history":[{"count":0,"href":"https:\/\/epse.umh.es\/ca\/wp-json\/wp\/v2\/pages\/5\/revisions"}],"up":[{"embeddable":true,"href":"https:\/\/epse.umh.es\/ca\/wp-json\/wp\/v2\/pages\/3"}],"wp:attachment":[{"href":"https:\/\/epse.umh.es\/ca\/wp-json\/wp\/v2\/media?parent=5"}],"curies":[{"name":"wp","href":"https:\/\/api.w.org\/{rel}","templated":true}]}}