{"id":625,"date":"2016-12-02T13:33:14","date_gmt":"2016-12-02T12:33:14","guid":{"rendered":"http:\/\/epse.umh.es\/?page_id=625"},"modified":"2022-09-15T12:32:26","modified_gmt":"2022-09-15T10:32:26","slug":"sellos-europeos","status":"publish","type":"page","link":"https:\/\/epse.umh.es\/ca\/sellos-europeos\/","title":{"rendered":"Segell Europeu"},"content":{"rendered":"<p><\/p>\n<div id=\"gt-res-content\">\n<div dir=\"ltr\">\n<p><span id=\"result_box\" class=\"\" lang=\"ca\"><span title=\"El sello EUR-ACE\u00ae es un certificado concedido por una agencia autorizada por ENAEE a una universidad respecto a un t\u00edtulo de ingenier\u00eda de grado o m\u00e1ster evaluado seg\u00fan una serie de est\u00e1ndares definidos, de acuerdo con los principios de calidad, relevancia, transparencia, reconocimiento\">El segell EUR-ACE\u00ae \u00e9s un certificat concedit per una ag\u00e8ncia autoritzada per ENAEE a una universitat respecte a un t\u00edtol d&#8217;enginyeria de grau o m\u00e0ster avaluat segons una s\u00e8rie d&#8217;est\u00e0ndards definits, d&#8217;acord amb els principis de qualitat, rellev\u00e0ncia, transpar\u00e8ncia, reconeixement <\/span><span title=\"y movilidad contemplados en el Espacio Europeo de Educaci\u00f3n Superior. \">i mobilitat contemplats en l&#8217;Espai Europeu d&#8217;Educaci\u00f3 Superior.<\/span><\/span><\/p>\n<p><span title=\"El sello EUR-ACE\u00ae se gestiona desde la European Network for the Accreditation of Engineering Education (ENAEE) de manera descentralizada a trav\u00e9s de agencias nacionales y est\u00e1 internacionalmente reconocido, ya que facilita tanto la movilidad acad\u00e9mica como la profesional al permitir identificar programas de ingenier\u00eda\"><img class=\"alignleft\" src=\"http:\/\/www.aneca.es\/var\/ezwebin_site\/storage\/images\/media\/images\/eurace\/158349-1-esl-ES\/eurace_medium.png\" alt=\"\" \/><img class=\"alignright\" src=\"http:\/\/www.aneca.es\/var\/ezwebin_site\/storage\/images\/media\/images\/iie_logo2\/158372-1-esl-ES\/iie_logo_medium.png\" alt=\"\" \/>El segell EUR-ACE\u00ae es gestiona des de l&#8217;European Network for the Accreditation of Engineering Education (ENAEE) de manera descentralitzada a trav\u00e9s d&#8217;ag\u00e8ncies nacionals i est\u00e0 internacionalment reconegut, ja que facilita tant la mobilitat acad\u00e8mica com la professional en permetre identificar programes d&#8217;enginyeria <\/span><span title=\"de alta calidad en Europa y m\u00e1s all\u00e1 de sus fronteras. \">d&#8217;alta qualitat a Europa i m\u00e9s enll\u00e0 de les seves fronteres.<\/span><\/p>\n<p><span title=\"ACREDITA PLUS en el \u00e1mbito de la ingenier\u00eda comienza en oto\u00f1o de 2013 para dar a los t\u00edtulos oficiales de grado y m\u00e1ster en ingenier\u00eda la posibilidad de solicitar la evaluaci\u00f3n para la obtenci\u00f3n del sello EUR-ACE\u00ae, al mismo tiempo que se realiza la evaluaci\u00f3n para\">ACREDITA PLUS en l&#8217;\u00e0mbit de l&#8217;enginyeria comen\u00e7a a la tardor de 2013 per donar als t\u00edtols oficials de grau i m\u00e0ster en enginyeria la possibilitat de sol\u00b7licitar l&#8217;avaluaci\u00f3 per a l&#8217;obtenci\u00f3 del segell EUR-ACE\u00ae, al mateix temps que es realitza l&#8217;avaluaci\u00f3 per <\/span><span title=\"la renovaci\u00f3n de la acreditaci\u00f3n de dichos t\u00edtulos. \">la renovaci\u00f3 de l&#8217;acreditaci\u00f3 d&#8217;aquests t\u00edtols.<\/span><\/p>\n<p><span title=\"Por ello, el Instituto de la Ingenier\u00eda de Espa\u00f1a (IIE) como una de las instituciones m\u00e1s representativas del pa\u00eds de la profesi\u00f3n de ingeniero - y ANECA - como actor principal en el proceso de renovaci\u00f3n de la acreditaci\u00f3n de t\u00edtulos en Espa\u00f1a - han identificado el\">Per aix\u00f2, l&#8217;Institut de l&#8217;Enginyeria d&#8217;Espanya (IEE) com una de les institucions m\u00e9s representatives del pa\u00eds de la professi\u00f3 d&#8217;enginyer &#8211; i ANECA &#8211; com a actor principal en el proc\u00e9s de renovaci\u00f3 de l&#8217;acreditaci\u00f3 de t\u00edtols a Espanya &#8211; han identificat el <\/span><span title=\"momento actual como el \u00f3ptimo para llevar a cabo una colaboraci\u00f3n conjunta que promueva la calidad y el reconocimiento internacional de los grados y m\u00e1steres espa\u00f1oles en el \u00e1mbito de la ingenier\u00eda.\">moment actual com l&#8217;\u00f2ptim per dur a terme una col\u00b7laboraci\u00f3 conjunta que promogui la qualitat i el reconeixement internacional dels graus i m\u00e0sters espanyols en l&#8217;\u00e0mbit de l&#8217;enginyeria.<\/span><\/p>\n<\/div>\n<\/div>\n<p><\/p>","protected":false},"excerpt":{"rendered":"<p>El segell EUR-ACE\u00ae \u00e9s un certificat concedit per una ag\u00e8ncia autoritzada per ENAEE a una universitat respecte a un t\u00edtol d&#8217;enginyeria de grau o m\u00e0ster avaluat segons una s\u00e8rie d&#8217;est\u00e0ndards definits, d&#8217;acord amb els principis de qualitat, rellev\u00e0ncia, transpar\u00e8ncia, reconeixement i mobilitat contemplats en l&#8217;Espai Europeu d&#8217;Educaci\u00f3 Superior.<br \/>\nEl segell EUR-ACE\u00ae es gestiona des de l&#8217;European [&#8230;]<\/p>\n","protected":false},"author":1705,"featured_media":0,"parent":0,"menu_order":100,"comment_status":"closed","ping_status":"closed","template":"","meta":{"_links_to":"","_links_to_target":""},"_links":{"self":[{"href":"https:\/\/epse.umh.es\/ca\/wp-json\/wp\/v2\/pages\/625"}],"collection":[{"href":"https:\/\/epse.umh.es\/ca\/wp-json\/wp\/v2\/pages"}],"about":[{"href":"https:\/\/epse.umh.es\/ca\/wp-json\/wp\/v2\/types\/page"}],"author":[{"embeddable":true,"href":"https:\/\/epse.umh.es\/ca\/wp-json\/wp\/v2\/users\/1705"}],"replies":[{"embeddable":true,"href":"https:\/\/epse.umh.es\/ca\/wp-json\/wp\/v2\/comments?post=625"}],"version-history":[{"count":0,"href":"https:\/\/epse.umh.es\/ca\/wp-json\/wp\/v2\/pages\/625\/revisions"}],"wp:attachment":[{"href":"https:\/\/epse.umh.es\/ca\/wp-json\/wp\/v2\/media?parent=625"}],"curies":[{"name":"wp","href":"https:\/\/api.w.org\/{rel}","templated":true}]}}