{"id":655,"date":"2017-01-18T12:00:57","date_gmt":"2017-01-18T11:00:57","guid":{"rendered":"http:\/\/epse.umh.es\/?page_id=655"},"modified":"2017-11-24T12:09:33","modified_gmt":"2017-11-24T11:09:33","slug":"jpa-epse-2017","status":"publish","type":"page","link":"https:\/\/epse.umh.es\/ca\/jornada-de-puertas-abiertas\/jpa-epse-2017\/","title":{"rendered":"JPA-EPSE 2017"},"content":{"rendered":"<p class=\"qtranxs-available-languages-message qtranxs-available-languages-message-ca\">Ho sentim, aquesta entrada es troba disponible \u00fanicament en <a href=\"https:\/\/epse.umh.es\/es\/wp-json\/wp\/v2\/pages\/655\" class=\"qtranxs-available-language-link qtranxs-available-language-link-es\" title=\"Espa\u00f1ol\">Espanyol Europeu<\/a> i <a href=\"https:\/\/epse.umh.es\/en\/wp-json\/wp\/v2\/pages\/655\" class=\"qtranxs-available-language-link qtranxs-available-language-link-en\" title=\"English\">Angl\u00e8s Americ\u00e0<\/a>.<\/p>","protected":false},"excerpt":{"rendered":"<p>Ho sentim, aquesta entrada es troba disponible \u00fanicament en Espanyol Europeu i Angl\u00e8s Americ\u00e0.<\/p>\n","protected":false},"author":1705,"featured_media":0,"parent":944,"menu_order":1,"comment_status":"closed","ping_status":"closed","template":"","meta":{"_links_to":"","_links_to_target":""},"_links":{"self":[{"href":"https:\/\/epse.umh.es\/ca\/wp-json\/wp\/v2\/pages\/655"}],"collection":[{"href":"https:\/\/epse.umh.es\/ca\/wp-json\/wp\/v2\/pages"}],"about":[{"href":"https:\/\/epse.umh.es\/ca\/wp-json\/wp\/v2\/types\/page"}],"author":[{"embeddable":true,"href":"https:\/\/epse.umh.es\/ca\/wp-json\/wp\/v2\/users\/1705"}],"replies":[{"embeddable":true,"href":"https:\/\/epse.umh.es\/ca\/wp-json\/wp\/v2\/comments?post=655"}],"version-history":[{"count":0,"href":"https:\/\/epse.umh.es\/ca\/wp-json\/wp\/v2\/pages\/655\/revisions"}],"up":[{"embeddable":true,"href":"https:\/\/epse.umh.es\/ca\/wp-json\/wp\/v2\/pages\/944"}],"wp:attachment":[{"href":"https:\/\/epse.umh.es\/ca\/wp-json\/wp\/v2\/media?parent=655"}],"curies":[{"name":"wp","href":"https:\/\/api.w.org\/{rel}","templated":true}]}}