{"id":658,"date":"2017-01-18T18:25:01","date_gmt":"2017-01-18T17:25:01","guid":{"rendered":"http:\/\/epse.umh.es\/?page_id=658"},"modified":"2017-04-05T13:20:45","modified_gmt":"2017-04-05T11:20:45","slug":"i-concurso-de-vehiculos-autonomos","status":"publish","type":"page","link":"https:\/\/epse.umh.es\/ca\/jornada-de-puertas-abiertas\/jpa-epse-2017\/i-concurso-de-vehiculos-autonomos\/","title":{"rendered":"I Concurs de vehicles aut\u00f2noms"},"content":{"rendered":"<p><span id=\"result_box\" class=\"\" lang=\"ca\"><span title=\"Bases del Concurso:\n\n\">Bases del Concurs:<\/p>\n<p><\/span><span title=\"El concurso de veh\u00edculos aut\u00f3nomos consta de tres secciones diferenciadas:\n\n\">El concurs de vehicles aut\u00f2noms consta de tres seccions diferenciades:<\/p>\n<p><\/span><span title=\"La primera de ellas consistir\u00e1 en una prueba de circuito de velocidad uno contra uno, donde se realizar\u00e1 una carrera de velocidad en un circuito contra otro equipo.\">La primera d&#8217;elles consistir\u00e0 en una prova de circuit de velocitat un contra un, on es realitzar\u00e0 una carrera de velocitat en un circuit contra un altre equip. <\/span><span title=\"Se dispondr\u00e1 de dos circuitos independientes completamente iguales.\">Es disposar\u00e0 de dos circuits independents completament iguals. <\/span><span title=\"Esta prueba es eliminatoria al mejor de tres carreras quedando al final de la competici\u00f3n un campe\u00f3n y un subcampe\u00f3n.\n\n\">Aquesta prova \u00e9s eliminat\u00f2ria al millor de tres carreres quedant al final de la competici\u00f3 un campi\u00f3 i un subcampi\u00f3.<\/p>\n<p><\/span><span title=\"La segunda secci\u00f3n consiste en una prueba de destreza del veh\u00edculo aut\u00f3nomo en un laberinto.\">La segona secci\u00f3 consisteix en una prova de destresa del vehicle aut\u00f2nom en un laberint. <\/span><span title=\"Se valorar\u00e1 el tiempo que tarda el veh\u00edculo en encontrar la salida desde un punto de entrada predeterminado.\">Es valorar\u00e0 el temps que triga el vehicle en trobar la sortida des d&#8217;un punt d&#8217;entrada predeterminat. <\/span><span title=\"Se realizar\u00e1n dos pruebas por equipo, computando el tiempo medio de las dos.\">Es realitzaran dues proves per equip, computant el temps mitj\u00e0 de les dues. <\/span><span title=\"El tiempo m\u00e1ximo para encontrar la salida son 5 minutos, transcurridos los cuales se dar\u00e1 por terminada la prueba.\n\n\">El temps m\u00e0xim per trobar la sortida s\u00f3n 5 minuts, transcorreguts els quals es donar\u00e0 per acabada la prova.<\/p>\n<p><\/span><span title=\"La tercera secci\u00f3n del concurso consistir\u00e1 en una evaluaci\u00f3n del desarrollo t\u00e9cnico del veh\u00edculo aut\u00f3nomo realizado.\">La tercera secci\u00f3 del concurs consistir\u00e0 en una avaluaci\u00f3 del desenvolupament t\u00e8cnic del vehicle aut\u00f2nom realitzat. <\/span><span title=\"En ella se puntuar\u00e1 tanto la presentaci\u00f3n del equipo ante el jurado como la calidad y complejidad t\u00e9cnica del dise\u00f1o realizado.\n\">S&#8217;hi puntuar\u00e0 tant la presentaci\u00f3 de l&#8217;equip davant el jurat com la qualitat i complexitat t\u00e8cnica del disseny realitzat.<br \/>\n<\/span><span title=\"Fecha y lugar:\n\n\">Data i lloc:<\/p>\n<p><\/span><span title=\"El concurso se realizar\u00e1 en el edificio Arenals del Campus de Elche el jueves 6 de abril de 2017 a las 10:00 horas.\n\n\">El concurs es realitzar\u00e0 a l&#8217;edifici Arenals del Campus d&#8217;Elx el dijous 6 abril 2017 a les 10:00 hores.<\/p>\n<p><\/span><span title=\"Participantes:\n\n\">participants:<\/p>\n<p><\/span><span title=\"Podr\u00e1n participar alumnos de cualquier Universidad p\u00fablica, as\u00ed como estudiantes de Bachillerato y Formaci\u00f3n Profesional de la Provincia de Alicante.\n\">Podran participar alumnes de qualsevol Universitat p\u00fablica, aix\u00ed com a estudiants de Batxillerat i Formaci\u00f3 Professional de la Prov\u00edncia d&#8217;Alacant.<br \/>\n<\/span><span title=\"Reglas para la prueba de circuito de velocidad:\n\n\u00a0\u00a0\u00a0\u00a0\">Regles per a la prova de circuit de velocitat:<\/p>\n<p><\/span><span title=\"Los equipos estar\u00e1n formados por un m\u00ednimo de 2 y un m\u00e1ximo de 5 participantes.\">Els equips estaran formats per un m\u00ednim de 2 i un m\u00e0xim de 5 participants. <\/span><span title=\"Cada equipo tendr\u00e1 un representante que ser\u00e1 el encargado de interactuar con el veh\u00edculo durante la prueba.\n\u00a0\u00a0\u00a0\u00a0\">Cada equip tindr\u00e0 un representant que ser\u00e0 l&#8217;encarregat d&#8217;interactuar amb el vehicle durant la prova.<br \/>\n<\/span><span title=\"El veh\u00edculo tiene que ser totalmente aut\u00f3nomo, no pudiendo existir ning\u00fan medio de comunicaci\u00f3n ni control externo al veh\u00edculo\n\u00a0\u00a0\u00a0\u00a0\">El vehicle ha de ser totalment aut\u00f2nom, no hi pot haver cap mitj\u00e0 de comunicaci\u00f3 ni control extern al vehicle<br \/>\n<\/span><span title=\"El veh\u00edculo podr\u00e1 incorporar tantos sensores como se estime pertinente.\n\u00a0\u00a0\u00a0\u00a0\">El vehicle podr\u00e0 incorporar tants sensors com s&#8217;estimi pertinent.<br \/>\n<\/span><span title=\"El veh\u00edculo podr\u00e1 incorporar como cerebro cualquier tipo de microcontrolador (Arduino, Microchip, PSoC\u2026) cuyo precio sea inferior a 50\u20ac.\n\u00a0\u00a0\u00a0\u00a0\">El vehicle podr\u00e0 incorporar com a cervell qualsevol tipus de microcontrolador (Arduino, Microchip, PSoC &#8230;) el preu sigui inferior a 50 \u20ac.<br \/>\n<\/span><span title=\"Los distintos circuitos que formen el veh\u00edculo podr\u00e1n ser comerciales o desarrollados por el propio equipo\n\u00a0\u00a0\u00a0\u00a0\">Els diferents circuits que formin el vehicle podran ser comercials o desenvolupats pel propi equip<br \/>\n<\/span><span title=\"Cada eliminatoria se resolver\u00e1 al mejor de tres carreras.\">Cada eliminat\u00f2ria es resoldr\u00e0 al millor de tres carreres. <\/span><span title=\"El equipo ganador pasar\u00e1 a la siguiente eliminatoria y el perdedor quedar\u00e1 eliminado.\n\u00a0\u00a0\u00a0\u00a0\">L&#8217;equip guanyador passar\u00e0 a la seg\u00fcent eliminat\u00f2ria i el perdedor quedar\u00e0 eliminat.<br \/>\n<\/span><span title=\"A solicitud del jurado se podr\u00e1 pedir la repetici\u00f3n de la prueba.\n\u00a0\u00a0\u00a0\u00a0\">A sol\u00b7licitud del jurat es podr\u00e0 demanar la repetici\u00f3 de la prova.<br \/>\n<\/span><span title=\"El representante del equipo podr\u00e1 moverse por el exterior del circuito sin entrar en \u00e9l.\n\u00a0\u00a0\u00a0\u00a0\">El representant de l&#8217;equip podr\u00e0 moure per l&#8217;exterior del circuit sense entrar-hi.<br \/>\n<\/span><span title=\"No se podr\u00e1 manipular o tocar el veh\u00edculo durante la prueba.\n\u00a0\u00a0\u00a0\u00a0\">No es podr\u00e0 manipular o tocar el vehicle durant la prova.<br \/>\n<\/span><span title=\"El tama\u00f1o del micro robot no debe superar las dimensiones de 23 cm de ancho, 30 cm de largo,20 cm de alto.\">La mida del micro robot no ha de superar les dimensions de 23 cm d&#8217;ample, 30 cm de llarg, 20 cm d&#8217;alt. <\/span><span title=\"El peso m\u00e1ximo ser\u00e1 de 200 gramos.\n\u00a0\u00a0\u00a0\u00a0\">El pes m\u00e0xim ser\u00e0 de 200 grams.<br \/>\n<\/span><span title=\"El circuito estar\u00e1 marcado con cinta negra de 2cm.\">El circuit estar\u00e0 marcat amb cinta negra de 2 cm. <\/span><span title=\"Se dispondr\u00e1 de un circuito de prueba para que antes de cada carrera los equipos puedan realizar los \u00faltimos ajustes de funcionamiento.\n\u00a0\u00a0\u00a0\u00a0\">Es disposar\u00e0 d&#8217;un circuit de prova perqu\u00e8 abans de cada cursa els equips puguin fer els \u00faltims ajustos de funcionament.<br \/>\n<\/span><span title=\"Se establecer\u00e1 un tiempo antes de la salida de los veh\u00edculos entre carreras para que se pueda interactuar y realizar las \u00faltimas pruebas de funcionamiento.\n\n\">S&#8217;establir\u00e0 un temps abans de la sortida dels vehicles entre carreres perqu\u00e8 es pugui interactuar i realitzar les \u00faltimes proves de funcionament.<\/p>\n<p><\/span><span title=\"Reglas para la prueba de destreza en laberinto:\n\n\">Regles per a la prova de destresa en laberint:<\/p>\n<p><\/span><span title=\"\u2013 El veh\u00edculo ser\u00e1 el mismo que el utilizado en la prueba de velocidad\n\n\">&#8211; El vehicle ser\u00e0 el mateix que l&#8217;utilitzat en la prova de velocitat<\/p>\n<p><\/span><span title=\"\u2013 Se dispondr\u00e1 de un laberinto marcado con cinta negra de 2cm.\">&#8211; Es disposar\u00e0 d&#8217;un laberint marcat amb cinta negra de 2 cm. <\/span><span title=\"El punto de salida y meta estar\u00e1n marcados en el propio circuito.\n\n\">El punt de sortida i meta estaran marcats en el propi circuit.<\/p>\n<p><\/span><span title=\"\u2013 Cada equipo realizar\u00e1 dos pruebas de destreza para encontrar la meta en el laberinto.\">&#8211; Cada equip realitzar\u00e0 dues proves de destresa per trobar la meta en el laberint. <\/span><span title=\"El tiempo m\u00e1ximo para encontrar la meta ser\u00e1 de cinco minutos.\">El temps m\u00e0xim per trobar la meta ser\u00e0 de cinc minuts. <\/span><span title=\"Si pasados los cinco minutos el veh\u00edculo no ha sido capaz de llegar a la meta la prueba se detendr\u00e1 con una marca temporal de 5 minutos.\">Si passats els cinc minuts el vehicle no ha estat capa\u00e7 d&#8217;arribar a la meta la prova s&#8217;aturar\u00e0 amb una marca temporal de 5 minuts. <\/span><span title=\"El tiempo final ser\u00e1 la media de las dos pruebas realizadas.\n\n\">El temps final ser\u00e0 la mitjana de les dues proves realitzades.<\/p>\n<p><\/span><span title=\"\u2013 A solicitud del jurado se podr\u00e1 pedir la repetici\u00f3n de la prueba.\n\n\">&#8211; A sol\u00b7licitud del jurat es podr\u00e0 demanar la repetici\u00f3 de la prova.<\/p>\n<p><\/span><span title=\"\u2013 El representante del equipo podr\u00e1 moverse por el exterior del circuito sin entrar en \u00e9l.\n\n\">&#8211; El representant de l&#8217;equip podr\u00e0 moure per l&#8217;exterior del circuit sense entrar-hi.<\/p>\n<p><\/span><span title=\"\u2013 No se podr\u00e1 manipular o tocar el veh\u00edculo durante la prueba\n\n\">&#8211; No es podr\u00e0 manipular o tocar el vehicle durant la prova<\/p>\n<p><\/span><span title=\"Evaluaci\u00f3n del t\u00e9cnica y originalidad del dise\u00f1o:\n\n\">Avaluaci\u00f3 del t\u00e8cnica i originalitat del disseny:<\/p>\n<p><\/span><span title=\"\u2013 El veh\u00edculo ser\u00e1 el mismo que el utilizado en las pruebas de velocidad y destreza\n\n\">&#8211; El vehicle ser\u00e0 el mateix que l&#8217;utilitzat en les proves de velocitat i destresa<\/p>\n<p><\/span><span title=\"\u2013 La presentaci\u00f3n del dise\u00f1o se realizar\u00e1 ante un jurado\n\n\">&#8211; La presentaci\u00f3 del disseny es realitzar\u00e0 davant un jurat<\/p>\n<p><\/span><span title=\"\u2013 Cada equipo tendr\u00e1 un m\u00e1ximo de 5 minutos para realizar la presentaci\u00f3n\n\n\">&#8211; Cada equip tindr\u00e0 un m\u00e0xim de 5 minuts per fer la presentaci\u00f3<\/p>\n<p><\/span><span title=\"\u2013 Se valorar\u00e1 la originalidad del dise\u00f1o, los desarrollos propios tanto de la electr\u00f3nica como de la programaci\u00f3n dl los microcontroladores y las prestaciones del dise\u00f1o realizado.\n\n\">&#8211; Es valorar\u00e0 l&#8217;originalitat del disseny, els desenvolupaments propis tant de l&#8217;electr\u00f2nica com de la programaci\u00f3 dl els microcontroladors i les prestacions del disseny realitzat.<\/p>\n<p><\/span><span title=\"Jurado:\n\n\">Jurat:<\/p>\n<p><\/span><span title=\"El jurado ser\u00e1 nombrado por la direcci\u00f3n de la Escuela Polit\u00e9cnica Superior de Elche.\n\n\">El jurat ser\u00e0 nomenat per la direcci\u00f3 de l&#8217;Escola Polit\u00e8cnica Superior d&#8217;Elx.<\/p>\n<p><\/span><span title=\"El fallo del jurado ser\u00e1 inapelable.\n\n\">La decisi\u00f3 del jurat ser\u00e0 inapel\u00b7lable.<\/p>\n<p><\/span><span title=\"Premios:\n\n\">premis:<\/p>\n<p><\/span><span title=\"Se otorgar\u00e1n tres premios:\n\n\">S&#8217;atorgaran tres premis:<\/p>\n<p><\/span><span title=\"Premio al mejor desarrollo t\u00e9cnico: premio por determinar\n\n\">Premi al millor desenvolupament t\u00e8cnic: premi per determinar<\/p>\n<p><\/span><span title=\"Premio de circuito de velocidad: premio por determinar\n\n\">Premi de circuit de velocitat: premi per determinar<\/p>\n<p><\/span><span title=\"Premio de circuito de destreza: premio por determinar\n\n\">Premi de circuit de destresa: premi per determinar<\/p>\n<p><\/span><span title=\"Los premios podr\u00e1n quedar desiertos si as\u00ed lo estima el jurado.\">Els premis podran quedar deserts si aix\u00ed ho estima el jurat.<\/span><\/span><\/p>","protected":false},"excerpt":{"rendered":"<p>Bases del Concurs:<br \/>\nEl concurs de vehicles aut\u00f2noms consta de tres seccions diferenciades:<br \/>\nLa primera d&#8217;elles consistir\u00e0 en una prova de circuit de velocitat un contra un, on es realitzar\u00e0 una carrera de velocitat en un circuit contra un altre equip. Es disposar\u00e0 de dos circuits independents completament iguals. Aquesta prova \u00e9s eliminat\u00f2ria al millor de tres [&#8230;]<\/p>\n","protected":false},"author":1705,"featured_media":0,"parent":655,"menu_order":1,"comment_status":"closed","ping_status":"closed","template":"","meta":{"_links_to":"","_links_to_target":""},"_links":{"self":[{"href":"https:\/\/epse.umh.es\/ca\/wp-json\/wp\/v2\/pages\/658"}],"collection":[{"href":"https:\/\/epse.umh.es\/ca\/wp-json\/wp\/v2\/pages"}],"about":[{"href":"https:\/\/epse.umh.es\/ca\/wp-json\/wp\/v2\/types\/page"}],"author":[{"embeddable":true,"href":"https:\/\/epse.umh.es\/ca\/wp-json\/wp\/v2\/users\/1705"}],"replies":[{"embeddable":true,"href":"https:\/\/epse.umh.es\/ca\/wp-json\/wp\/v2\/comments?post=658"}],"version-history":[{"count":0,"href":"https:\/\/epse.umh.es\/ca\/wp-json\/wp\/v2\/pages\/658\/revisions"}],"up":[{"embeddable":true,"href":"https:\/\/epse.umh.es\/ca\/wp-json\/wp\/v2\/pages\/655"}],"wp:attachment":[{"href":"https:\/\/epse.umh.es\/ca\/wp-json\/wp\/v2\/media?parent=658"}],"curies":[{"name":"wp","href":"https:\/\/api.w.org\/{rel}","templated":true}]}}