{"id":9,"date":"2011-09-01T07:42:09","date_gmt":"2011-09-01T07:42:09","guid":{"rendered":"http:\/\/epse.zeus.umh.es\/estudios\/"},"modified":"2024-06-03T17:05:16","modified_gmt":"2024-06-03T15:05:16","slug":"estudios","status":"publish","type":"page","link":"https:\/\/epse.umh.es\/ca\/estudios\/","title":{"rendered":"Estudis"},"content":{"rendered":"<p><\/p>\n<p style=\"text-align: justify\">A l&#8217;Escola Polit\u00e8cnica Superior d&#8217;Elx s&#8217;imparteixen diferents estudis, desde Titulacions Oficials de Grau fins a M\u00e0ster. Actualment s&#8217;imparteixen algunes titulacions que es troben en proc\u00e9s d&#8217;extinci\u00f3. Als seg\u00fcents enlla\u00e7os trobar\u00e0 tota \u00a0l&#8217;informaci\u00f3 de les titulacions impartides.<\/p>\n<p><span style=\"color: #ffffff\">&#8212;<\/span><\/p>\n<p style=\"font-size: 15px;text-align: center\"><strong style=\"text-align: center\"><a href=\"https:\/\/epse.umh.es\/ca\/estudios\/grado\/\">T\u00cdTOL OFICIAL DE GRAU<\/a><\/strong><\/p>\n<p style=\"font-size: 15px;text-align: center\"><strong style=\"text-align: center\"><a href=\"https:\/\/epse.umh.es\/ca\/estudios\/master\/\">T\u00cdTOL OFICIAL DE M\u00c0STER<\/a><\/strong><\/p>\n<p style=\"font-size: 15px;text-align: center\">\n<p style=\"text-align: justify\"><span style=\"color: #ffffff\">&#8212;<\/span><\/p>\n<p style=\"text-align: justify\">Als seg\u00fcents diagrames dels\u00a0<em>Programes de M\u00e0ster Integrats, Grau + M\u00e0ster\u00a0<\/em>de la EPSE, podr\u00e0 veure el proc\u00e9s acad\u00e8mic a fer per obtindre les competencies profesionals de les antigues titulaciones d&#8217;Enginyeria T\u00e8cnica i Enginyeria.<\/p>\n<p style=\"text-align: justify\"><span style=\"color: #ffffff\">&#8212;<\/span><\/p>\n<p style=\"text-align: center\"><img loading=\"lazy\" class=\"aligncenter wp-image-207\" src=\"https:\/\/epse.umh.es\/files\/2014\/04\/PI_Teleco_VAL-1024x820.jpg\" alt=\"PI_Teleco_VAL\" width=\"519\" height=\"416\" \/><\/p>\n<p style=\"text-align: center\"><span style=\"color: #ffffff\">&#8212;<\/span><\/p>\n<p style=\"text-align: center\"><img loading=\"lazy\" class=\"aligncenter wp-image-208\" src=\"https:\/\/epse.umh.es\/files\/2014\/04\/PI_Indu_VAL-1024x821.jpg\" alt=\"PI_Indu_VAL\" width=\"519\" height=\"416\" \/><\/p>\n<p style=\"text-align: center\"><span style=\"color: #ffffff\">&#8212;<\/span><\/p>\n<p><\/p>","protected":false},"excerpt":{"rendered":"<p>A l&#8217;Escola Polit\u00e8cnica Superior d&#8217;Elx s&#8217;imparteixen diferents estudis, desde Titulacions Oficials de Grau fins a M\u00e0ster. Actualment s&#8217;imparteixen algunes titulacions que es troben en proc\u00e9s d&#8217;extinci\u00f3. Als seg\u00fcents enlla\u00e7os trobar\u00e0 tota \u00a0l&#8217;informaci\u00f3 de les titulacions impartides.<br \/>\n&#8212;<br \/>\nT\u00cdTOL OFICIAL DE GRAU<br \/>\nT\u00cdTOL OFICIAL DE M\u00c0STER<\/p>\n<p>&#8212;<br \/>\nAls seg\u00fcents diagrames dels\u00a0Programes de M\u00e0ster Integrats, Grau + M\u00e0ster\u00a0de la EPSE, podr\u00e0 veure [&#8230;]<\/p>\n","protected":false},"author":3013,"featured_media":0,"parent":0,"menu_order":5,"comment_status":"closed","ping_status":"closed","template":"","meta":{"_links_to":"","_links_to_target":""},"_links":{"self":[{"href":"https:\/\/epse.umh.es\/ca\/wp-json\/wp\/v2\/pages\/9"}],"collection":[{"href":"https:\/\/epse.umh.es\/ca\/wp-json\/wp\/v2\/pages"}],"about":[{"href":"https:\/\/epse.umh.es\/ca\/wp-json\/wp\/v2\/types\/page"}],"author":[{"embeddable":true,"href":"https:\/\/epse.umh.es\/ca\/wp-json\/wp\/v2\/users\/3013"}],"replies":[{"embeddable":true,"href":"https:\/\/epse.umh.es\/ca\/wp-json\/wp\/v2\/comments?post=9"}],"version-history":[{"count":0,"href":"https:\/\/epse.umh.es\/ca\/wp-json\/wp\/v2\/pages\/9\/revisions"}],"wp:attachment":[{"href":"https:\/\/epse.umh.es\/ca\/wp-json\/wp\/v2\/media?parent=9"}],"curies":[{"name":"wp","href":"https:\/\/api.w.org\/{rel}","templated":true}]}}