{"id":91,"date":"2013-07-30T16:53:31","date_gmt":"2013-07-30T14:53:31","guid":{"rendered":"http:\/\/epse.umh.es\/?page_id=91"},"modified":"2024-07-03T09:51:33","modified_gmt":"2024-07-03T07:51:33","slug":"tfgm","status":"publish","type":"page","link":"https:\/\/epse.umh.es\/ca\/tfgm\/","title":{"rendered":"TFG &amp; TFM"},"content":{"rendered":"<p>Actualment, la normativa vigent preveu que per a la finalitzaci\u00f3 d&#8217;estudis oficials de Grau i M\u00e0ster, a l&#8217;Escola Polit\u00e8cnica Superior d&#8217;Elx, cal fer un Treball Final de Grau o Treball Final de M\u00e0ster corresponent. Per tal de posar en pr\u00e0ctica el que s&#8217;ha apr\u00e8s a la titulaci\u00f3 com a conclusi\u00f3 final als estudis.<\/p>\n<p>Als seg\u00fcents enlla\u00e7os podr\u00e0 obtenir tota la informaci\u00f3 necess\u00e0ria sobre el proc\u00e9s administratiu que s&#8217;ha de realitzar per a la realitzaci\u00f3 d&#8217;aquest treball, tant de grau com de m\u00e0ster.<\/p>\n<p>&nbsp;<\/p>\n<p style=\"font-size: 15px;text-align: center\"><a href=\"https:\/\/epse.umh.es\/tfgm\/trabajo-fin-de-grado-2023\/\"><strong style=\"text-align: center\">TRABAJO FINAL DE GRADO<\/strong><\/a><\/p>\n<p style=\"font-size: 15px;text-align: center\"><a href=\"https:\/\/epse.umh.es\/tfgm\/tfm\/\"><strong style=\"text-align: center\">TRABAJO FINAL DE M\u00c1STER<\/strong><\/a><\/p>\n<p style=\"text-align: justify\"><span style=\"color: #ffffff\">&#8212;<\/span><\/p>\n<p style=\"text-align: justify\"><span style=\"color: #ffffff\">&#8212;<\/span><\/p>\n<p><\/p>","protected":false},"excerpt":{"rendered":"<p>Actualment, la normativa vigent preveu que per a la finalitzaci\u00f3 d&#8217;estudis oficials de Grau i M\u00e0ster, a l&#8217;Escola Polit\u00e8cnica Superior d&#8217;Elx, cal fer un Treball Final de Grau o Treball Final de M\u00e0ster corresponent. Per tal de posar en pr\u00e0ctica el que s&#8217;ha apr\u00e8s a la titulaci\u00f3 com a conclusi\u00f3 final als estudis.<br \/>\nAls seg\u00fcents enlla\u00e7os [&#8230;]<\/p>\n","protected":false},"author":3013,"featured_media":0,"parent":0,"menu_order":30,"comment_status":"closed","ping_status":"open","template":"","meta":{"_links_to":"","_links_to_target":""},"_links":{"self":[{"href":"https:\/\/epse.umh.es\/ca\/wp-json\/wp\/v2\/pages\/91"}],"collection":[{"href":"https:\/\/epse.umh.es\/ca\/wp-json\/wp\/v2\/pages"}],"about":[{"href":"https:\/\/epse.umh.es\/ca\/wp-json\/wp\/v2\/types\/page"}],"author":[{"embeddable":true,"href":"https:\/\/epse.umh.es\/ca\/wp-json\/wp\/v2\/users\/3013"}],"replies":[{"embeddable":true,"href":"https:\/\/epse.umh.es\/ca\/wp-json\/wp\/v2\/comments?post=91"}],"version-history":[{"count":0,"href":"https:\/\/epse.umh.es\/ca\/wp-json\/wp\/v2\/pages\/91\/revisions"}],"wp:attachment":[{"href":"https:\/\/epse.umh.es\/ca\/wp-json\/wp\/v2\/media?parent=91"}],"curies":[{"name":"wp","href":"https:\/\/api.w.org\/{rel}","templated":true}]}}