{"id":1670,"date":"2019-01-25T13:28:46","date_gmt":"2019-01-25T12:28:46","guid":{"rendered":"http:\/\/epse.umh.es\/?page_id=1670"},"modified":"2019-01-25T13:28:46","modified_gmt":"2019-01-25T12:28:46","slug":"estudiante-colaborador-jpa-epse-2019","status":"publish","type":"page","link":"https:\/\/epse.umh.es\/en\/jornada-de-puertas-abiertas\/jpa-epse-2019\/estudiante-colaborador-jpa-epse-2019\/","title":{"rendered":"Estudiante Colaborador JPA-EPSE 2019"},"content":{"rendered":"<p><a href=\"https:\/\/epse.umh.es\/files\/2019\/01\/2019_ConvocatoriaEPSE_AyudaSeminarios.pdf\"><img loading=\"lazy\" class=\"alignleft wp-image-1664 size-medium\" src=\"https:\/\/epse.umh.es\/files\/2019\/01\/2019_ConvocatoriaEPSE_AyudaSeminarios-212x300.jpg\" alt=\"\" width=\"212\" height=\"300\" srcset=\"https:\/\/epse.umh.es\/files\/2019\/01\/2019_ConvocatoriaEPSE_AyudaSeminarios-212x300.jpg 212w, https:\/\/epse.umh.es\/files\/2019\/01\/2019_ConvocatoriaEPSE_AyudaSeminarios-768x1088.jpg 768w, https:\/\/epse.umh.es\/files\/2019\/01\/2019_ConvocatoriaEPSE_AyudaSeminarios-723x1024.jpg 723w\" sizes=\"(max-width: 212px) 100vw, 212px\" \/><\/a> El <strong>11 de abril de 2019<\/strong> es un d\u00eda no lectivo en el que se celebra las Jornadas de Puertas Abiertas EPSE-2019 (<a href=\"https:\/\/epse.umh.es\/jornada-de-puertas-abiertas\/jpa-epse-2019\/\">https:\/\/epse.umh.es\/jornada-de-puertas-abiertas\/jpa-epse-2019\/<\/a>). El objetivo es crear un punto de encuentro entre estudiantes EPSE y estudiantes de secundaria, bachillerato y ciclo formativo con la ingenier\u00eda como nexo.<\/p>\n<p>Los Estudiantes Colaboradores\u00a0 JPA-EPSE ayudar\u00e1n en las diferentes labores que la organizaci\u00f3n les pueda requerir, tales como: labores de bienvenida a los grupos visitantes, acompa\u00f1amiento de grupos a los talleres de ingenier\u00eda que se impartir\u00e1n durante el d\u00eda, etc.<\/p>\n<p>Para inscribirse como <a href=\"https:\/\/goo.gl\/forms\/ZGrOt7VVFaF3mIQV2\">Estudiante Colaborador completa este formulario<\/a>Estudiante Colaborador JPA-EPSE 2019<\/p>","protected":false},"excerpt":{"rendered":"<p> El 11 de abril de 2019 es un d\u00eda no lectivo en el que se celebra las Jornadas de Puertas Abiertas EPSE-2019 (https:\/\/epse.umh.es\/jornada-de-puertas-abiertas\/jpa-epse-2019\/). El objetivo es crear un punto de encuentro entre estudiantes EPSE y estudiantes de secundaria, bachillerato y ciclo formativo con la ingenier\u00eda como nexo.<br \/>\nLos Estudiantes Colaboradores\u00a0 JPA-EPSE ayudar\u00e1n en las diferentes [&#8230;]<\/p>\n","protected":false},"author":1705,"featured_media":0,"parent":1649,"menu_order":3,"comment_status":"closed","ping_status":"closed","template":"","meta":{"_links_to":"","_links_to_target":""},"_links":{"self":[{"href":"https:\/\/epse.umh.es\/en\/wp-json\/wp\/v2\/pages\/1670"}],"collection":[{"href":"https:\/\/epse.umh.es\/en\/wp-json\/wp\/v2\/pages"}],"about":[{"href":"https:\/\/epse.umh.es\/en\/wp-json\/wp\/v2\/types\/page"}],"author":[{"embeddable":true,"href":"https:\/\/epse.umh.es\/en\/wp-json\/wp\/v2\/users\/1705"}],"replies":[{"embeddable":true,"href":"https:\/\/epse.umh.es\/en\/wp-json\/wp\/v2\/comments?post=1670"}],"version-history":[{"count":0,"href":"https:\/\/epse.umh.es\/en\/wp-json\/wp\/v2\/pages\/1670\/revisions"}],"up":[{"embeddable":true,"href":"https:\/\/epse.umh.es\/en\/wp-json\/wp\/v2\/pages\/1649"}],"wp:attachment":[{"href":"https:\/\/epse.umh.es\/en\/wp-json\/wp\/v2\/media?parent=1670"}],"curies":[{"name":"wp","href":"https:\/\/api.w.org\/{rel}","templated":true}]}}