{"id":1679,"date":"2019-01-28T19:36:07","date_gmt":"2019-01-28T18:36:07","guid":{"rendered":"http:\/\/epse.umh.es\/?page_id=1679"},"modified":"2019-03-15T10:24:56","modified_gmt":"2019-03-15T09:24:56","slug":"presentacion","status":"publish","type":"page","link":"https:\/\/epse.umh.es\/en\/jornada-de-puertas-abiertas\/jpa-epse-2019\/presentacion\/","title":{"rendered":"Presentaci\u00f3n"},"content":{"rendered":"<p><a href=\"https:\/\/epse.umh.es\/files\/2019\/01\/Poster_JPAEPSE2019.jpg\"><img loading=\"lazy\" class=\"alignleft wp-image-1658 size-medium\" src=\"https:\/\/epse.umh.es\/files\/2019\/01\/Poster_JPAEPSE2019-210x300.jpg\" alt=\"\" width=\"210\" height=\"300\" srcset=\"https:\/\/epse.umh.es\/files\/2019\/01\/Poster_JPAEPSE2019-210x300.jpg 210w, https:\/\/epse.umh.es\/files\/2019\/01\/Poster_JPAEPSE2019-768x1095.jpg 768w, https:\/\/epse.umh.es\/files\/2019\/01\/Poster_JPAEPSE2019-718x1024.jpg 718w\" sizes=\"(max-width: 210px) 100vw, 210px\" \/><\/a>La Jornada de Puertas Abiertas de 2019 <strong>JPA-EPSE 2019 es el 11 de abril de 2019<\/strong>\u00a0 y est\u00e1 organizada por la Escuela Polit\u00e9cnica Superior de Elche (EPSE). La JPA-EPSE 2019 tiene como objetivo mostrar, tanto a estudiantes de la universidad como a estudiantes de secundaria, bachillerato y ciclo formativo, proyectos y actividades de inter\u00e9s para un futuro ingeniero inform\u00e1tico, de telecomunicaciones o industrial. El objetivo es crear un punto de encuentro usando la ingenier\u00eda como nexo entre participantes.<\/p>\n<p><strong>Si deseas ver de las ediciones antiguas, puedes hacerlo en los siguientes enlaces:<\/strong><\/p>\n<ul>\n<li><strong> <a href=\"https:\/\/epse.umh.es\/jornada-de-puertas-abiertas\/jpa-epse-2017\/fotos-de-la-jpa-epse-2017\/\">Fotos de la JPA-2017 <\/a>y <a href=\"https:\/\/epse.umh.es\/jornada-de-puertas-abiertas\/jpa-epse-2017\/videos-de-la-jpa-epse-2017\/\">videos de la JPA-2017<\/a> <\/strong><\/li>\n<li><strong><a href=\"https:\/\/epse.umh.es\/jornada-de-puertas-abiertas\/jpa-epse-2017\/fotos-de-la-jpa-epse-2017\/\">Fotos y Videos de la JPA-2018 <\/a><\/strong><\/li>\n<\/ul>\n<p>Si eres estudiante de la EPSE, te animamos a participar en este d\u00eda. Si eres profesor de secundaria, bachillerato o ciclo formativo y deseas asistir con tu clase, accede a la p\u00e1gina de la jornada y realiza tu solicitud en el formulario que hemos habilitado.<\/p>\n<p>Adem\u00e1s, si tus alumnos desean participar en alguna de las actividades que hemos programado para este d\u00eda, pueden hacerlo de forma gratuita rellenando los formularios que hemos creado para cada actividad.<\/p>\n<p>Adem\u00e1s, si tus alumnos desean participar en alguna de las actividades que hemos programado para este d\u00eda, pueden hacerlo de forma gratuita rellenando los formularios que hemos creado para cada actividad. Entra en cada actividad y formaliza tu inscripci\u00f3n:<\/p>\n<ul>\n<li><a href=\"https:\/\/goo.gl\/forms\/sQjM5byCl5mkbTV43\"><strong>Formulario Inscripci\u00f3n para asistir como Centro de secundaria, bachillerato y\/o grado formativo: Inscripci\u00f3n<\/strong><\/a><\/li>\n<li><a href=\"https:\/\/epse.umh.es\/jornada-de-puertas-abiertas\/jpa-epse-2018\/ii-concurso-de-vehiculos-autonomos\/\">Concurso Veh\u00edculos Aut\u00f3nomos<\/a>:\n<ul>\n<li><a href=\"https:\/\/docs.google.com\/forms\/d\/e\/1FAIpQLSeyNzIiVoBzA81PDMJ5236Tqw3QiLVYv5hZHZFPs-nn5Kbjjg\/viewform?usp=sf_link\" target=\"incripscion\">Inscripcion para Estudiantes EPSE<\/a><\/li>\n<li><a href=\"https:\/\/docs.google.com\/forms\/d\/e\/1FAIpQLSfM1J-hG1hV8Wyi8A6Ghm_DSU8dIMl-uxbC4Cd6xaR-uABoVg\/viewform?usp=sf_link\" target=\"_blank\" rel=\"noopener\">Inscripci\u00f3n para Estudiantes Secundaria, Ciclos Formativos y Bachillerato<\/a><\/li>\n<\/ul>\n<\/li>\n<li>Concurso de Fotos del D\u00eda: Para todos los asistentes a la JPA-EPSE subiendo la foto a twitter o instagram con el hashtag &#8220;#jpaepse2018&#8221;.<\/li>\n<li><a href=\"https:\/\/epse.umh.es\/jpa-epse-2017\/feria-tecnologica\/\">Feria Tecnol\u00f3gica<\/a>:\n<ul>\n<li><a href=\"https:\/\/docs.google.com\/forms\/d\/e\/1FAIpQLScscYP4FLdK6dItr6f9iKXsorWecZZwvfhABVx4hGIQBnu4mQ\/viewform?usp=sf_link\" target=\"_blank\" rel=\"noopener\">Inscripcion para Estudiantes EPSE<\/a>,<\/li>\n<li><a href=\"https:\/\/docs.google.com\/forms\/d\/e\/1FAIpQLSfq-pTvKrKreNjP6c60FMikIc20ErTX5n9qQ1RbPxMhfqb0Kw\/viewform?usp=sf_link\" target=\"_blank\" rel=\"noopener\">Inscripci\u00f3n para Estudiantes Secundaria, Ciclos Formativos y Bachillerato<\/a><\/li>\n<\/ul>\n<\/li>\n<\/ul>\n<p>Si eres <a href=\"https:\/\/goo.gl\/forms\/ZEqntpT2lYuZV88u1\">Estudiante EPSE y quieres inscribirte como Estudiante Colaborador EPSE<\/a>, podr\u00e1s recibir hasta 1 credito de Libre eleccion.<\/p>\n<p><a href=\"https:\/\/epse.umh.es\/files\/2019\/01\/2019_ConvocatoriaEPSE_AyudaSeminarios.pdf\"><img loading=\"lazy\" class=\"aligncenter wp-image-1664 size-thumbnail\" src=\"https:\/\/epse.umh.es\/files\/2019\/01\/2019_ConvocatoriaEPSE_AyudaSeminarios-150x150.jpg\" alt=\"\" width=\"150\" height=\"150\" \/><\/a><\/p>","protected":false},"excerpt":{"rendered":"<p>La Jornada de Puertas Abiertas de 2019 JPA-EPSE 2019 es el 11 de abril de 2019\u00a0 y est\u00e1 organizada por la Escuela Polit\u00e9cnica Superior de Elche (EPSE). La JPA-EPSE 2019 tiene como objetivo mostrar, tanto a estudiantes de la universidad como a estudiantes de secundaria, bachillerato y ciclo formativo, proyectos y actividades de inter\u00e9s para [&#8230;]<\/p>\n","protected":false},"author":1705,"featured_media":0,"parent":1649,"menu_order":0,"comment_status":"closed","ping_status":"closed","template":"","meta":{"_links_to":"","_links_to_target":""},"_links":{"self":[{"href":"https:\/\/epse.umh.es\/en\/wp-json\/wp\/v2\/pages\/1679"}],"collection":[{"href":"https:\/\/epse.umh.es\/en\/wp-json\/wp\/v2\/pages"}],"about":[{"href":"https:\/\/epse.umh.es\/en\/wp-json\/wp\/v2\/types\/page"}],"author":[{"embeddable":true,"href":"https:\/\/epse.umh.es\/en\/wp-json\/wp\/v2\/users\/1705"}],"replies":[{"embeddable":true,"href":"https:\/\/epse.umh.es\/en\/wp-json\/wp\/v2\/comments?post=1679"}],"version-history":[{"count":0,"href":"https:\/\/epse.umh.es\/en\/wp-json\/wp\/v2\/pages\/1679\/revisions"}],"up":[{"embeddable":true,"href":"https:\/\/epse.umh.es\/en\/wp-json\/wp\/v2\/pages\/1649"}],"wp:attachment":[{"href":"https:\/\/epse.umh.es\/en\/wp-json\/wp\/v2\/media?parent=1679"}],"curies":[{"name":"wp","href":"https:\/\/api.w.org\/{rel}","templated":true}]}}