{"id":5,"date":"2011-09-01T07:24:53","date_gmt":"2011-09-01T07:24:53","guid":{"rendered":"http:\/\/epse.zeus.umh.es\/presentacion\/directorio\/"},"modified":"2025-10-13T12:28:02","modified_gmt":"2025-10-13T10:28:02","slug":"directorio","status":"publish","type":"page","link":"https:\/\/epse.umh.es\/en\/presentacion\/directorio\/","title":{"rendered":"Directory"},"content":{"rendered":"<p><\/p>\n<h3><span style=\"text-decoration: underline\">EQUIPO DIRECTIVO<\/span>.<\/h3>\n<ul>\n<li style=\"list-style-type: none\">\n<ul>\n<li style=\"list-style-type: none\">\n<ul>\n<li style=\"list-style-type: none\">\n<ul>\n<li><strong>DIRECTOR DE ESCUELA<\/strong>\n<ul>\n<li>Jose Mar\u00eda Sabater Navarro<\/li>\n<li>Email:\u00a0<a href=\"mailto:director.epse@umh.es\">director.epse@umh.es<\/a><\/li>\n<\/ul>\n<\/li>\n<li><strong><span style=\"line-height: 13px\">SECRETARIA DE ESCUELA<\/span><\/strong>\n<ul>\n<li>Patricia Maz\u00f3n Canales<\/li>\n<li>Email: <a href=\"mailto:secretario.epse@umh.es\">secretario.epse@umh.es<\/a><\/li>\n<\/ul>\n<\/li>\n<li><strong>SUBDIRECTOR DE GRADO EN INGENIERIA ELECTRONICA Y AUTOMATICA INDUSTRIAL<\/strong>\n<ul>\n<li>Roberto Gutierrez Maz\u00f3n<\/li>\n<li>Email: <a href=\"mailto:sub.gradoelectronicayautomatica@umh.es\">sub.gradoelectronicayautomatica@umh.es<\/a><\/li>\n<\/ul>\n<\/li>\n<li><strong>SUBDIRECTORA DE GRADO EN INGENIER\u00cdA MEC\u00c1NICA<\/strong><strong>\u00a0<\/strong>\n<ul>\n<li>Nuria Campillo Davo<\/li>\n<li style=\"text-align: left\">Email: <a href=\"mailto:sub.gradomecanica@umh.es\">sub.gradomecanica@umh.es<\/a><\/li>\n<\/ul>\n<\/li>\n<li><strong>SUBDIRECTOR DE GRADO EN INGENIER\u00cdA EL\u00c9CTRICA<\/strong>\n<ul>\n<li>Francisco Javier Aguilar Valero<\/li>\n<li>Email: <a href=\"mailto:sub.gradoelectrica@umh.es\">sub.gradoelectrica@umh.es <\/a><\/li>\n<\/ul>\n<\/li>\n<li><strong>SUBDIRECTOR DE GRADO EN INGENIERIA DE TECNOLOGIAS DE TELECOMUNICACION<\/strong>\n<ul>\n<li>Francisco Javier Gimeno Blanes<\/li>\n<li>Email: <a href=\"mailto:sub.gradoteleco@umh.es\">sub.gradoteleco@umh.es<\/a><\/li>\n<\/ul>\n<\/li>\n<li><strong>SUBDIRECTOR DE GRADO EN INGENIERIA INFORMATICA EN TECNOLOGIAS DE LA INFORMACION<\/strong>\n<ul>\n<li>Pe\u00f1alver Benavent, Antonio<\/li>\n<li>Email: <a href=\"mailto:sub.gradoinformatica@umh.es\">sub.gradoinformatica@umh.es<\/a><\/li>\n<\/ul>\n<\/li>\n<li><strong>SUBDIRECTORA \u00a0DE CALIDAD Y RELACIONES INSTITUCIONALES<\/strong>\n<ul>\n<li>Concepci\u00f3n Parejo Prados<\/li>\n<li>Email: <a href=\"mailto:calidad.epse@umh.es\">calidad.epse@umh.es<\/a><\/li>\n<\/ul>\n<\/li>\n<li><strong>SUBDIRECTORA DE RELACIONES INTERNACIONALES Y MOVILIDAD<\/strong>\n<ul>\n<li>M\u00aa \u00c1ngeles Bustamante Mu\u00f1oz<\/li>\n<li>Email: <a href=\"mailto:internacional.epse@umh.es\">internacional.epse@umh.es <\/a><\/li>\n<\/ul>\n<\/li>\n<li><strong>SUBDIRECTOR DE COORDINACION DOCENTE E INNOVACION EDUCATIVA \/ RESPONSABLE DEL GRADO EN INGENIER\u00cdA EN TECNOLOG\u00cdAS INDUSTRIALES\u00a0<\/strong>\n<ul>\n<li><span class=\"selectable-text copyable-text\">Abel Riquelme Navarro Arcas <\/span><\/li>\n<li>Email: <a href=\"mailto:innovacion.epse@umh.es\">innovacion.epse@umh.es\u00a0<\/a><\/li>\n<\/ul>\n<\/li>\n<li><strong>SUBDIRECTORA DE ESTUDIANTES, PROMOCI\u00d3N DE ESTUDIOS Y COMUNICACI\u00d3N DE GRADOS DE \u00c1MBITO INDUSTRIAL<\/strong>\n<ul>\n<li>Ballesta Galdeano, M\u00f3nica<\/li>\n<li>Email: <a href=\"mailto:director.masterindustriales@umh.es\">director.masterindustriales@umh.es <\/a><\/li>\n<\/ul>\n<\/li>\n<li><strong>SUBDIRECTOR DE ESTUDIANTES, PROMOCI\u00d3N DE ESTUDIOS Y COMUNICACI\u00d3N DE GRADOS DE \u00c1MBITO TIC<\/strong>\n<ul>\n<li>Vicente Galiano Ibarra<\/li>\n<li>Email: <a href=\"mailto:director.mastertelecomunicaciones@umh.es\">director.mastertelecomunicaciones@umh.es <\/a><\/li>\n<\/ul>\n<\/li>\n<\/ul>\n<\/li>\n<\/ul>\n<\/li>\n<\/ul>\n<\/li>\n<\/ul>\n<h3><strong><span style=\"text-decoration: underline\">REPRESENTACI\u00d3N ESTUDIANTIL<\/span><\/strong><\/h3>\n<ul>\n<li><strong>DELEGADO DE ESTUDIANTES DE CENTRO<\/strong>\n<ul>\n<li>\u00a0Laura Egea Garc\u00eda<\/li>\n<li><a href=\"mailto:dec.epse.delegacion@goumh.umh.es\">dec.epse.delegacion@goumh.umh.es<\/a><\/li>\n<\/ul>\n<\/li>\n<li><strong>VICEDELEGADO DE ESTUDIANTES DE CENTRO<\/strong>\n<ul>\n<li>Sergio Carnicero Cano<\/li>\n<li><a href=\"mailto:vice.epse@delegacion.umh.es\">vice.epse@delegacion.umh.es<\/a><\/li>\n<\/ul>\n<\/li>\n<li><strong>SECRETARIA DE ESTUDIANTES DE CENTRO<\/strong>\n<ul>\n<li>Clara Ortega S\u00e1nchez-Valdepe\u00f1as<\/li>\n<li><a href=\"mailto:secre.epse@delegacion.umh.es\">secre.epse@delegacion.umh.es<\/a><\/li>\n<\/ul>\n<\/li>\n<\/ul>\n<div id=\"directory__1\">\n<h3><span style=\"text-decoration: underline\">PERSONAL \u00a0DE ADMINISTRACI\u00d3N Y SERVICIOS<\/span><\/h3>\n<p><strong>ADMINISTRATIVOS\/AS<\/strong><\/p>\n<ul>\n<li>Cuenta administraci\u00f3n: <a href=\"mailto:escuela.epse@umh.es\">escuela.epse@umh.es<\/a><\/li>\n<li>Gamero \u00a0S\u00e1nchez, \u00a0Juan \u00a0Jos\u00e9<\/li>\n<li>Poveda P\u00e9rez, Cristina<\/li>\n<\/ul>\n<\/div>\n<p><\/p>","protected":false},"excerpt":{"rendered":"<p>EQUIPO DIRECTIVO.<\/p>\n<p>DIRECTOR DE ESCUELA<\/p>\n<p>Jose Mar\u00eda Sabater Navarro<br \/>\nEmail:\u00a0director.epse@umh.es<\/p>\n<p>SECRETARIA DE ESCUELA<\/p>\n<p>Patricia Maz\u00f3n Canales<br \/>\nEmail: secretario.epse@umh.es<\/p>\n<p>SUBDIRECTOR DE GRADO EN INGENIERIA ELECTRONICA Y AUTOMATICA INDUSTRIAL<\/p>\n<p>Roberto Gutierrez Maz\u00f3n<br \/>\nEmail: sub.gradoelectronicayautomatica@umh.es<\/p>\n<p>SUBDIRECTORA DE GRADO EN INGENIER\u00cdA MEC\u00c1NICA\u00a0<\/p>\n<p>Nuria Campillo Davo<br \/>\nEmail: sub.gradomecanica@umh.es<\/p>\n<p>SUBDIRECTOR DE GRADO EN INGENIER\u00cdA EL\u00c9CTRICA<\/p>\n<p>Francisco Javier Aguilar Valero<br \/>\nEmail: sub.gradoelectrica@umh.es <\/p>\n<p>SUBDIRECTOR DE GRADO EN INGENIERIA DE TECNOLOGIAS DE TELECOMUNICACION<\/p>\n<p>Francisco Javier Gimeno Blanes<br \/>\nEmail: sub.gradoteleco@umh.es<\/p>\n<p>SUBDIRECTOR DE GRADO [&#8230;]<\/p>\n","protected":false},"author":3013,"featured_media":0,"parent":3,"menu_order":1,"comment_status":"closed","ping_status":"open","template":"","meta":{"_links_to":"","_links_to_target":""},"_links":{"self":[{"href":"https:\/\/epse.umh.es\/en\/wp-json\/wp\/v2\/pages\/5"}],"collection":[{"href":"https:\/\/epse.umh.es\/en\/wp-json\/wp\/v2\/pages"}],"about":[{"href":"https:\/\/epse.umh.es\/en\/wp-json\/wp\/v2\/types\/page"}],"author":[{"embeddable":true,"href":"https:\/\/epse.umh.es\/en\/wp-json\/wp\/v2\/users\/3013"}],"replies":[{"embeddable":true,"href":"https:\/\/epse.umh.es\/en\/wp-json\/wp\/v2\/comments?post=5"}],"version-history":[{"count":0,"href":"https:\/\/epse.umh.es\/en\/wp-json\/wp\/v2\/pages\/5\/revisions"}],"up":[{"embeddable":true,"href":"https:\/\/epse.umh.es\/en\/wp-json\/wp\/v2\/pages\/3"}],"wp:attachment":[{"href":"https:\/\/epse.umh.es\/en\/wp-json\/wp\/v2\/media?parent=5"}],"curies":[{"name":"wp","href":"https:\/\/api.w.org\/{rel}","templated":true}]}}