{"id":625,"date":"2016-12-02T13:33:14","date_gmt":"2016-12-02T12:33:14","guid":{"rendered":"http:\/\/epse.umh.es\/?page_id=625"},"modified":"2022-09-15T12:32:26","modified_gmt":"2022-09-15T10:32:26","slug":"sellos-europeos","status":"publish","type":"page","link":"https:\/\/epse.umh.es\/en\/sellos-europeos\/","title":{"rendered":"European Acreditation"},"content":{"rendered":"<p><span id=\"result_box\" class=\"\" lang=\"en\"><span title=\"El sello EUR-ACE\u00ae es un certificado concedido por una agencia autorizada por ENAEE a una universidad respecto a un t\u00edtulo de ingenier\u00eda de grado o m\u00e1ster evaluado seg\u00fan una serie de est\u00e1ndares definidos, de acuerdo con los principios de calidad, relevancia, transparencia, reconocimiento\">The EUR-ACE\u00ae seal is a certificate issued by an agency authorized by ENAEE to a university for a degree or master&#8217;s degree, evaluated according to a set of defined standards, in accordance with the principles of quality, relevance, transparency, recognition <\/span><span title=\"y movilidad contemplados en el Espacio Europeo de Educaci\u00f3n Superior. \u00a0\">Mobility in the European Higher Education Area.<\/span><\/span><\/p>\n<p><span title=\"El sello EUR-ACE\u00ae se gestiona desde la European Network for the Accreditation of Engineering Education (ENAEE) de manera descentralizada a trav\u00e9s de agencias nacionales y est\u00e1 internacionalmente reconocido, ya que facilita tanto la movilidad acad\u00e9mica como la profesional al permitir identificar programas de ingenier\u00eda\"><img class=\"alignleft\" src=\"http:\/\/www.aneca.es\/var\/ezwebin_site\/storage\/images\/media\/images\/eurace\/158349-1-esl-ES\/eurace_medium.png\" alt=\"\" \/><img class=\"alignright\" src=\"http:\/\/www.aneca.es\/var\/ezwebin_site\/storage\/images\/media\/images\/iie_logo2\/158372-1-esl-ES\/iie_logo_medium.png\" alt=\"\" \/>The EUR-ACE\u00ae label is managed by the European Network for the Accreditation of Engineering Education (ENAEE) in a decentralized manner through national agencies and is internationally recognized, as it facilitates both academic and professional mobility by allowing the identification of engineering programs <\/span><span title=\"de alta calidad en Europa y m\u00e1s all\u00e1 de sus fronteras. \">Of high quality in Europe and beyond its borders.<\/span><\/p>\n<p><span title=\"ACREDITA PLUS en el \u00e1mbito de la ingenier\u00eda comienza en oto\u00f1o de 2013 para dar a los t\u00edtulos oficiales de grado y m\u00e1ster en ingenier\u00eda la posibilidad de solicitar la evaluaci\u00f3n para la obtenci\u00f3n del sello EUR-ACE\u00ae, al mismo tiempo que se realiza la evaluaci\u00f3n para\">ACREDITA PLUS in the field of engineering begins in autumn 2013 to give official degrees and master&#8217;s degrees in engineering the possibility of requesting the evaluation to obtain the EUR-ACE\u00ae seal, at the same time as the evaluation is carried out for <\/span><span title=\"la renovaci\u00f3n de la acreditaci\u00f3n de dichos t\u00edtulos. \">The renewal of the accreditation of such titles.<\/span><\/p>\n<p><span title=\"Por ello, el Instituto de la Ingenier\u00eda de Espa\u00f1a (IIE) como una de las instituciones m\u00e1s representativas del pa\u00eds de la profesi\u00f3n de ingeniero - y ANECA - como actor principal en el proceso de renovaci\u00f3n de la acreditaci\u00f3n de t\u00edtulos en Espa\u00f1a - han identificado el\">Therefore, the Engineering Institute of Spain (IIE), as one of the most representative institutions in the country of the engineering profession &#8211; and ANECA &#8211; as the main player in the process of renewing the accreditation of degrees in Spain &#8211; has identified the <\/span><span title=\"momento actual como el \u00f3ptimo para llevar a cabo una colaboraci\u00f3n conjunta que promueva la calidad y el reconocimiento internacional de los grados y m\u00e1steres espa\u00f1oles en el \u00e1mbito de la ingenier\u00eda.\">Current moment as the optimum to carry out a joint collaboration that promotes the quality and the international recognition of the Spanish degrees and masters in the field of engineering.<\/span><\/p>","protected":false},"excerpt":{"rendered":"<p>The EUR-ACE\u00ae seal is a certificate issued by an agency authorized by ENAEE to a university for a degree or master&#8217;s degree, evaluated according to a set of defined standards, in accordance with the principles of quality, relevance, transparency, recognition Mobility in the European Higher Education Area.<br \/>\nThe EUR-ACE\u00ae label is managed by the European Network [&#8230;]<\/p>\n","protected":false},"author":1705,"featured_media":0,"parent":0,"menu_order":100,"comment_status":"closed","ping_status":"closed","template":"","meta":{"_links_to":"","_links_to_target":""},"_links":{"self":[{"href":"https:\/\/epse.umh.es\/en\/wp-json\/wp\/v2\/pages\/625"}],"collection":[{"href":"https:\/\/epse.umh.es\/en\/wp-json\/wp\/v2\/pages"}],"about":[{"href":"https:\/\/epse.umh.es\/en\/wp-json\/wp\/v2\/types\/page"}],"author":[{"embeddable":true,"href":"https:\/\/epse.umh.es\/en\/wp-json\/wp\/v2\/users\/1705"}],"replies":[{"embeddable":true,"href":"https:\/\/epse.umh.es\/en\/wp-json\/wp\/v2\/comments?post=625"}],"version-history":[{"count":0,"href":"https:\/\/epse.umh.es\/en\/wp-json\/wp\/v2\/pages\/625\/revisions"}],"wp:attachment":[{"href":"https:\/\/epse.umh.es\/en\/wp-json\/wp\/v2\/media?parent=625"}],"curies":[{"name":"wp","href":"https:\/\/api.w.org\/{rel}","templated":true}]}}